{"id":6613,"date":"2017-03-16T08:56:02","date_gmt":"2017-03-16T07:56:02","guid":{"rendered":"https:\/\/variosling.de\/widerrufsbelehrung\/"},"modified":"2019-07-11T10:08:38","modified_gmt":"2019-07-11T08:08:38","slug":"widerrufsbelehrung","status":"publish","type":"page","link":"https:\/\/variosling.de\/en\/widerrufsbelehrung\/","title":{"rendered":"Widerrufsbelehrung"},"content":{"rendered":"<p>&#8212;&#8211; Widerrufsrecht &#8212;&#8211;<\/p>\n<p>Kunden, die Verbraucher im Sinne des \u00a7 13 BGB sind, haben das Recht, binnen 14 Tagen ohne Angabe von Gr\u00fcnden diesen Vertrag zu widerrufen.<br \/>\nUm Ihr Widerrufsrecht auszu\u00fcben, m\u00fcssen Sie uns<\/p>\n<p>Firma Variosports GmbH, Eupener Str. 161 Halle 57, 50933 K\u00f6ln,<br \/>\nTel.: +49 (0)221-54812163, Fax: +49 (0)221-54812164<br \/>\ninfo@variosports.de<\/p>\n<p>mittels einer eindeutigen Erkl\u00e4rung (z.B. ein mit der Post versandter Brief, Telefax oder E-Mail) \u00fcber Ihren Entschluss, diesen Vertrag zu widerrufen, informieren. Sie k\u00f6nnen daf\u00fcr das u. s. Muster-Widerrufsformular verwenden, das jedoch nicht vorgeschrieben ist.<\/p>\n<p>Zur Wahrung der Widerrufsfrist reicht es aus, dass Sie die Mitteilung \u00fcber die Aus\u00fcbung des Widerrufsrechts vor Ablauf der Widerrufsfrist absenden.<\/p>\n<p>&#8212;&#8211; Widerrufsfolgen &#8212;&#8211;<\/p>\n<p>Im Falle eines wirksamen Widerrufs sind die beiderseits empfangenen Leistungen zur\u00fcckzugew\u00e4hren und ggf. gezogene Nutzungen (z. B. Zinsen) herauszugeben. K\u00f6nnen Sie uns die empfangene Leistung ganz oder teilweise nicht oder nur in verschlechtertem Zustand zur\u00fcckgew\u00e4hren, m\u00fcssen Sie uns insoweit ggf. Wertersatz leisten. Bei der \u00dcberlassung von Sachen gilt dies nicht, wenn die Verschlechterung der Sache ausschlie\u00dflich auf deren Pr\u00fcfung \u2013 wie sie Ihnen etwa im Ladengesch\u00e4ft m\u00f6glich gewesen w\u00e4re \u2013 zur\u00fcckzuf\u00fchren ist. Im \u00dcbrigen k\u00f6nnen Sie die Pflicht zum Wertersatz f\u00fcr eine durch die bestimmungsgem\u00e4\u00dfe Ingebrauchnahme der Sache entstandene Verschlechterung vermeiden, indem Sie die Sache nicht wie Ihr Eigentum in Gebrauch nehmen und alles unterlassen, was deren Wert beeintr\u00e4chtigt. Paketversandf\u00e4hige Sachen sind in einem versicherten Paket an uns zur\u00fcckzusenden. Sie haben die Kosten der R\u00fccksendung zu tragen, wenn die gelieferte Ware der bestellten entspricht. Anderenfalls ist die R\u00fccksendung f\u00fcr Sie kostenfrei. Nicht paketversandf\u00e4hige Sachen werden bei Ihnen abgeholt. Verpflichtungen zur Erstattung von Zahlungen m\u00fcssen innerhalb von 30 Tagen erf\u00fcllt werden. Die Frist beginnt mit Empfang der Ware.<\/p>\n<p>&#8212;&#8211; Ende der Widerrufsbelehrung &#8212;&#8211;<\/p>\n<p>Muster-Widerrufsformular<\/p>\n<p>Wenn Sie den Vertrag widerrufen wollen, dann f\u00fcllen Sie bitte dieses Formular aus und senden Sie es zur\u00fcck:<\/p>\n<p>An: Variosports GmbH, Eupener Str. 161, 50933 K\u00f6ln, E-Mail: info@variosports.de<br \/>\nHiermit widerrufe(n) ich\/ wir (*) den von mir\/ uns (*) abgeschlossenen Vertrag \u00fcber den Kauf der folgenden Waren (*), Bestellt am (*)\/ erhalten am (*)<br \/>\nName und Anschrift des\/ der Verbraucher(s)<br \/>\nUnterschrift des\/ der Verbraucher(s) (nur bei Mitteilung auf Papier), Datum<br \/>\n(*) Unzutreffendes streichen.<\/p>\n","protected":false},"excerpt":{"rendered":"<p>&#8212;&#8211; Widerrufsrecht &#8212;&#8211; Kunden, die Verbraucher im Sinne des \u00a7 13 BGB sind, haben das Recht, binnen 14 Tagen ohne Angabe von Gr\u00fcnden diesen Vertrag zu widerrufen. Um Ihr Widerrufsrecht auszu\u00fcben, m\u00fcssen Sie uns Firma Variosports GmbH, Eupener Str. 161 Halle 57, 50933 K\u00f6ln, Tel.: +49 (0)221-54812163, Fax: +49 (0)221-54812164 info@variosports.de mittels einer eindeutigen Erkl\u00e4rung [&hellip;]<\/p>\n","protected":false},"author":1,"featured_media":0,"parent":0,"menu_order":0,"comment_status":"closed","ping_status":"closed","template":"","meta":{"_et_pb_use_builder":"","_et_pb_old_content":"","_et_gb_content_width":"","footnotes":""},"class_list":["post-6613","page","type-page","status-publish","hentry"],"_links":{"self":[{"href":"https:\/\/variosling.de\/en\/wp-json\/wp\/v2\/pages\/6613","targetHints":{"allow":["GET"]}}],"collection":[{"href":"https:\/\/variosling.de\/en\/wp-json\/wp\/v2\/pages"}],"about":[{"href":"https:\/\/variosling.de\/en\/wp-json\/wp\/v2\/types\/page"}],"author":[{"embeddable":true,"href":"https:\/\/variosling.de\/en\/wp-json\/wp\/v2\/users\/1"}],"replies":[{"embeddable":true,"href":"https:\/\/variosling.de\/en\/wp-json\/wp\/v2\/comments?post=6613"}],"version-history":[{"count":0,"href":"https:\/\/variosling.de\/en\/wp-json\/wp\/v2\/pages\/6613\/revisions"}],"wp:attachment":[{"href":"https:\/\/variosling.de\/en\/wp-json\/wp\/v2\/media?parent=6613"}],"curies":[{"name":"wp","href":"https:\/\/api.w.org\/{rel}","templated":true}]}}