{"id":5089,"date":"2016-12-21T13:49:00","date_gmt":"2016-12-21T12:49:00","guid":{"rendered":"https:\/\/variosling.de\/?page_id=5089"},"modified":"2020-08-28T08:31:34","modified_gmt":"2020-08-28T06:31:34","slug":"trainingsplan-sling-training-anfaenger-pdf","status":"publish","type":"page","link":"https:\/\/variosling.de\/en\/trainingsplan-sling-training-anfaenger-pdf\/","title":{"rendered":"Anmeldung zum 12 WochenTrainingsplan &#8211; einfache Sling-Trainer \u00dcbungen"},"content":{"rendered":"<p>[et_pb_section fb_built=&#8221;1&#8243; custom_padding_last_edited=&#8221;on|desktop&#8221; admin_label=&#8221;section&#8221; _builder_version=&#8221;3.22&#8243; background_image=&#8221;https:\/\/variosling.de\/wp-content\/uploads\/2016\/06\/Variosling-Training.jpg&#8221; custom_padding_tablet=&#8221;50px|0|50px|0&#8243; custom_padding_phone=&#8221;&#8221; transparent_background=&#8221;off&#8221; padding_mobile=&#8221;off&#8221; make_fullwidth=&#8221;off&#8221; use_custom_width=&#8221;off&#8221; width_unit=&#8221;off&#8221;][et_pb_row padding_mobile=&#8221;off&#8221; column_padding_mobile=&#8221;on&#8221; admin_label=&#8221;row&#8221; _builder_version=&#8221;3.25&#8243; background_size=&#8221;initial&#8221; background_position=&#8221;top_left&#8221; background_repeat=&#8221;repeat&#8221; make_fullwidth=&#8221;off&#8221; use_custom_width=&#8221;off&#8221; width_unit=&#8221;off&#8221; custom_width_px=&#8221;1080px&#8221; custom_width_percent=&#8221;80%&#8221;][et_pb_column type=&#8221;4_4&#8243; _builder_version=&#8221;3.25&#8243; custom_padding=&#8221;|||&#8221; custom_padding__hover=&#8221;|||&#8221;][et_pb_text admin_label=&#8221;Anmeldung zum Workout&#8221; _builder_version=&#8221;3.27.4&#8243; background_color=&#8221;rgba(0,0,0,0.5)&#8221; background_size=&#8221;initial&#8221; background_position=&#8221;top_left&#8221; background_repeat=&#8221;repeat&#8221; text_orientation=&#8221;center&#8221; background_layout=&#8221;dark&#8221; max_width=&#8221;800px&#8221; module_alignment=&#8221;center&#8221; custom_padding=&#8221;|10px||10px&#8221; z_index_tablet=&#8221;500&#8243; use_border_color=&#8221;off&#8221;]<\/p>\n<h1>Sling-Training Trainingsplan f\u00fcr Anf\u00e4nger<\/h1>\n<h2>Anmeldung zum kostenlosen 12 Wochen Ganzk\u00f6rpertraining<\/h2>\n<p>[\/et_pb_text][\/et_pb_column][\/et_pb_row][et_pb_row padding_mobile=&#8221;off&#8221; column_padding_mobile=&#8221;on&#8221; module_class=&#8221; et_pb_row_fullwidth&#8221; _builder_version=&#8221;3.25&#8243; background_color=&#8221;#ffffff&#8221; background_size=&#8221;initial&#8221; background_position=&#8221;top_left&#8221; background_repeat=&#8221;repeat&#8221; width=&#8221;86%&#8221; width_tablet=&#8221;80%&#8221; width_last_edited=&#8221;on|desktop&#8221; max_width=&#8221;86%&#8221; max_width_tablet=&#8221;80%&#8221; max_width_last_edited=&#8221;on|desktop&#8221; custom_padding=&#8221;|20px||20px&#8221; make_fullwidth=&#8221;on&#8221; use_custom_width=&#8221;off&#8221; width_unit=&#8221;on&#8221; column_structure=&#8221;1_2,1_2&#8243;][et_pb_column type=&#8221;1_2&#8243; _builder_version=&#8221;3.25&#8243; custom_padding=&#8221;|||&#8221; custom_padding__hover=&#8221;|||&#8221;][et_pb_text admin_label=&#8221;Dieser Trainingplan richtet sich an alle die einen einfaches Sling-Training suchen.&#8221; _builder_version=&#8221;3.27.4&#8243; background_color=&#8221;rgba(255,255,255,0.5)&#8221; background_size=&#8221;initial&#8221; background_position=&#8221;top_left&#8221; background_repeat=&#8221;repeat&#8221; max_width=&#8221;650px&#8221; custom_padding=&#8221;|10px||10px&#8221; use_border_color=&#8221;off&#8221; border_color=&#8221;#ffffff&#8221; border_style=&#8221;solid&#8221;]<\/p>\n<p>\nDieser <strong>Trainingplan<\/strong> richtet sich an alle die einen einfaches <strong>Sling-Training<\/strong> suchen.<br \/>Wir empfehlen die einzelnen \u00dcbungen zuerst zu erlernen und dann mit den Trainingspl\u00e4nen fortzufahren.<br \/>Du erh\u00e4ltst Deine <strong>12. Trainingspl\u00e4ne<\/strong> als E-Mail im<strong> PDF Format<\/strong>.<\/p>\n<p>&nbsp;<\/p>\n<h3>Dein <span style=\"color: #ff0000;\">Ganzk\u00f6rpertraining<\/span> geht \u00fcber <span style=\"color: #ff0000;\">12 Wochen<\/span>, jede Woche senden wir Dir einen neuen Trainingsplan als E-Mail zu.<\/h3>\n<h3>Deinen Trainingsplan f\u00fcr die 1. Woche kannst du Dir hier jetzt schon runterladen.<\/h3>\n<p>[\/et_pb_text][et_pb_button button_url=&#8221;https:\/\/variosling.de\/wp-content\/uploads\/TP-MA-01-slingfitness-trainingsplan-muskelaufbau.pdf&#8221; button_text=&#8221;1. Woche Trainingsplan jetzt runterladen&#8221; button_alignment=&#8221;left&#8221; admin_label=&#8221;Download pdf&#8221; _builder_version=&#8221;3.16&#8243; custom_button=&#8221;on&#8221; button_text_color=&#8221;#ffffff&#8221; button_bg_color=&#8221;#7cda24&#8243; button_icon=&#8221;%%98%%&#8221; background_layout=&#8221;dark&#8221; button_letter_spacing_hover=&#8221;0&#8243; button_text_size__hover_enabled=&#8221;off&#8221; button_text_size__hover=&#8221;null&#8221; button_one_text_size__hover_enabled=&#8221;off&#8221; button_one_text_size__hover=&#8221;null&#8221; button_two_text_size__hover_enabled=&#8221;off&#8221; button_two_text_size__hover=&#8221;null&#8221; button_text_color__hover_enabled=&#8221;off&#8221; button_text_color__hover=&#8221;null&#8221; button_one_text_color__hover_enabled=&#8221;off&#8221; button_one_text_color__hover=&#8221;null&#8221; button_two_text_color__hover_enabled=&#8221;off&#8221; button_two_text_color__hover=&#8221;null&#8221; button_border_width__hover_enabled=&#8221;off&#8221; button_border_width__hover=&#8221;null&#8221; button_one_border_width__hover_enabled=&#8221;off&#8221; button_one_border_width__hover=&#8221;null&#8221; button_two_border_width__hover_enabled=&#8221;off&#8221; button_two_border_width__hover=&#8221;null&#8221; button_border_color__hover_enabled=&#8221;off&#8221; button_border_color__hover=&#8221;null&#8221; button_one_border_color__hover_enabled=&#8221;off&#8221; button_one_border_color__hover=&#8221;null&#8221; button_two_border_color__hover_enabled=&#8221;off&#8221; button_two_border_color__hover=&#8221;null&#8221; button_border_radius__hover_enabled=&#8221;off&#8221; button_border_radius__hover=&#8221;null&#8221; button_one_border_radius__hover_enabled=&#8221;off&#8221; button_one_border_radius__hover=&#8221;null&#8221; button_two_border_radius__hover_enabled=&#8221;off&#8221; button_two_border_radius__hover=&#8221;null&#8221; button_letter_spacing__hover_enabled=&#8221;on&#8221; button_letter_spacing__hover=&#8221;0&#8243; button_one_letter_spacing__hover_enabled=&#8221;off&#8221; button_one_letter_spacing__hover=&#8221;null&#8221; button_two_letter_spacing__hover_enabled=&#8221;off&#8221; button_two_letter_spacing__hover=&#8221;null&#8221; button_bg_color__hover_enabled=&#8221;off&#8221; button_bg_color__hover=&#8221;null&#8221; button_one_bg_color__hover_enabled=&#8221;off&#8221; button_one_bg_color__hover=&#8221;null&#8221; button_two_bg_color__hover_enabled=&#8221;off&#8221; button_two_bg_color__hover=&#8221;null&#8221;]<\/p>\n<p>[\/et_pb_button][et_pb_text admin_label=&#8221;Alle Trainingspl\u00e4ne >>&#8221; _builder_version=&#8221;3.27.4&#8243; background_size=&#8221;initial&#8221; background_position=&#8221;top_left&#8221; background_repeat=&#8221;repeat&#8221; text_orientation=&#8221;right&#8221; use_border_color=&#8221;off&#8221; border_color=&#8221;#ffffff&#8221; border_style=&#8221;solid&#8221;]<\/p>\n<p style=\"text-align: right;\"><span style=\"font-size: 24pt;\">Alle Trainingspl\u00e4ne<\/span> <span style=\"font-size: 36pt; color: #008080;\"><strong>&gt;&gt;<\/strong><\/span><\/p>\n<p>[\/et_pb_text][et_pb_text admin_label=&#8221;Alle weiteren Trainingspl\u00e4ne erh\u00e4ltst Du &#8221; _builder_version=&#8221;3.27.4&#8243; background_color=&#8221;rgba(255,255,255,0.5)&#8221; background_size=&#8221;initial&#8221; background_position=&#8221;top_left&#8221; background_repeat=&#8221;repeat&#8221; max_width=&#8221;650px&#8221; custom_padding=&#8221;|10px||10px&#8221; use_border_color=&#8221;off&#8221; border_color=&#8221;#ffffff&#8221; border_style=&#8221;solid&#8221;]<\/p>\n<h3>Alle weiteren Trainingspl\u00e4ne erh\u00e4ltst Du nach Deiner Anmeldung automatisch per E-Mail.<\/h3>\n<p>[\/et_pb_text][\/et_pb_column][et_pb_column type=&#8221;1_2&#8243; _builder_version=&#8221;3.25&#8243; custom_padding=&#8221;|||&#8221; custom_padding__hover=&#8221;|||&#8221;][et_pb_text admin_label=&#8221;Bloom&#8221; _builder_version=&#8221;4.6.0&#8243; background_size=&#8221;initial&#8221; background_position=&#8221;top_left&#8221; background_repeat=&#8221;repeat&#8221; text_orientation=&#8221;center&#8221; max_width=&#8221;600px&#8221; module_alignment=&#8221;center&#8221; hover_enabled=&#8221;0&#8243; use_border_color=&#8221;off&#8221; border_color=&#8221;#ffffff&#8221; border_style=&#8221;solid&#8221; sticky_enabled=&#8221;0&#8243; text_font_size=&#8221;13px&#8221;]<\/p>\n<div class=\"et_bloom_inline_form et_bloom_optin et_bloom_make_form_visible et_bloom_optin_2\" style=\"display: none;\">\n\t\t\t\t<style type=\"text\/css\">.et_bloom .et_bloom_optin_2 .et_bloom_form_content { background-color: #dddddd !important; } .et_bloom .et_bloom_optin_2 .et_bloom_form_container .et_bloom_form_header { background-color: #ffffff !important; } .et_bloom .et_bloom_optin_2 .carrot_edge .et_bloom_form_content:before { border-top-color: #ffffff !important; } .et_bloom .et_bloom_optin_2 .carrot_edge.et_bloom_form_right .et_bloom_form_content:before, .et_bloom .et_bloom_optin_2 .carrot_edge.et_bloom_form_left .et_bloom_form_content:before { border-top-color: transparent !important; border-left-color: #ffffff !important; }\n\t\t\t\t\t\t@media only screen and ( max-width: 767px ) {.et_bloom .et_bloom_optin_2 .carrot_edge.et_bloom_form_right .et_bloom_form_content:before { border-top-color: #ffffff !important; border-left-color: transparent !important; }.et_bloom .et_bloom_optin_2 .carrot_edge.et_bloom_form_left .et_bloom_form_content:after { border-bottom-color: #ffffff !important; border-left-color: transparent !important; }\n\t\t\t\t\t\t}.et_bloom .et_bloom_optin_2 .et_bloom_form_content button { background-color: #81d742 !important; } .et_bloom .et_bloom_optin_2 .et_bloom_form_content .et_bloom_fields i { color: #81d742 !important; } .et_bloom .et_bloom_optin_2 .et_bloom_form_content .et_bloom_custom_field_radio i:before { background: #81d742 !important; } .et_bloom .et_bloom_optin_2 .et_bloom_form_content button { background-color: #81d742 !important; } .et_bloom .et_bloom_optin_2 .et_bloom_form_container h2, .et_bloom .et_bloom_optin_2 .et_bloom_form_container h2 span, .et_bloom .et_bloom_optin_2 .et_bloom_form_container h2 strong { font-family: \"Georgia\", Helvetica, Arial, Lucida, sans-serif; }.et_bloom .et_bloom_optin_2 .et_bloom_form_container p, .et_bloom .et_bloom_optin_2 .et_bloom_form_container p span, .et_bloom .et_bloom_optin_2 .et_bloom_form_container p strong, .et_bloom .et_bloom_optin_2 .et_bloom_form_container form input, .et_bloom .et_bloom_optin_2 .et_bloom_form_container form button span { font-family: \"Georgia\", Helvetica, Arial, Lucida, sans-serif; } <\/style>\n\t\t\t\t<div class=\"et_bloom_form_container  with_edge carrot_edge et_bloom_rounded et_bloom_form_text_dark et_bloom_form_bottom et_bloom_inline_1_field\">\n\t\t\t\t\t\n\t\t\t<div class=\"et_bloom_form_container_wrapper clearfix\">\n\t\t\t\t<div class=\"et_bloom_header_outer\">\n\t\t\t\t\t<div class=\"et_bloom_form_header et_bloom_header_text_dark\">\n\t\t\t\t\t\t<img decoding=\"async\" width=\"428\" height=\"175\" src=\"https:\/\/variosling.de\/wp-content\/uploads\/Ganzkoerpertraining-01-Workout-Plan-Mail.jpg\" class=\" et_bloom_image_slideup et_bloom_image\" alt=\"Sling-Trainer Ganzk\u00f6rpertraining Trainingsplan einfache \u00dcbungen PDF\" srcset=\"https:\/\/variosling.de\/wp-content\/uploads\/Ganzkoerpertraining-01-Workout-Plan-Mail.jpg 428w, https:\/\/variosling.de\/wp-content\/uploads\/Ganzkoerpertraining-01-Workout-Plan-Mail-280x114.jpg 280w, https:\/\/variosling.de\/wp-content\/uploads\/Ganzkoerpertraining-01-Workout-Plan-Mail-400x164.jpg 400w, https:\/\/variosling.de\/wp-content\/uploads\/Ganzkoerpertraining-01-Workout-Plan-Mail-300x123.jpg 300w, https:\/\/variosling.de\/wp-content\/uploads\/Ganzkoerpertraining-01-Workout-Plan-Mail-239x98.jpg 239w, https:\/\/variosling.de\/wp-content\/uploads\/Ganzkoerpertraining-01-Workout-Plan-Mail-154x63.jpg 154w, https:\/\/variosling.de\/wp-content\/uploads\/Ganzkoerpertraining-01-Workout-Plan-Mail-218x89.jpg 218w, https:\/\/variosling.de\/wp-content\/uploads\/Ganzkoerpertraining-01-Workout-Plan-Mail-183x75.jpg 183w\" sizes=\"(max-width: 428px) 100vw, 428px\" \/>\n\t\t\t\t\t\t<div class=\"et_bloom_form_text\">\n\t\t\t\t\t\t<h2><strong>Gratis Anmeldung 12. Wochen Trainingsplan.<\/strong><\/h2><p><strong>Sling-Trainer Ganzk\u00f6rpertraining Schwierigkeitsgrad: einfach<\/strong><\/p>\n\t\t\t\t\t<\/div>\n\t\t\t\t\t\t\n\t\t\t\t\t<\/div>\n\t\t\t\t<\/div>\n\t\t\t\t<div class=\"et_bloom_form_content et_bloom_1_field et_bloom_bottom_inline\">\n\t\t\t\t\t\n\t\t\t\t\t\n\t\t\t\t\t<form method=\"post\" class=\"clearfix\">\n\t\t\t\t\t\t<div class=\"et_bloom_fields\">\n\t\t\t\t\t\t\t\n\t\t\t\t\t\t\t<p class=\"et_bloom_popup_input et_bloom_subscribe_email\">\n\t\t\t\t\t\t\t\t<input placeholder=\"Email\">\n\t\t\t\t\t\t\t<\/p>\n\t\t\t\t\t\t\t\n\t\t\t\t\t\t\t<button data-optin_id=\"optin_2\" data-service=\"sendinblue\" data-list_id=\"18\" data-page_id=\"5089\" data-account=\"N\u00b03\" data-ip_address=\"true\" class=\"et_bloom_submit_subscription\">\n\t\t\t\t\t\t\t\t<span class=\"et_bloom_subscribe_loader\"><\/span>\n\t\t\t\t\t\t\t\t<span class=\"et_bloom_button_text et_bloom_button_text_color_light\">Anmelden!<\/span>\n\t\t\t\t\t\t\t<\/button>\n\t\t\t\t\t\t<\/div>\n\t\t\t\t\t<\/form>\n\t\t\t\t\t<div class=\"et_bloom_success_container\">\n\t\t\t\t\t\t<span class=\"et_bloom_success_checkmark\"><\/span>\n\t\t\t\t\t<\/div>\n\t\t\t\t\t<h2 class=\"et_bloom_success_message\">Bitte schau nun in deinem EMail-Postfach (auch im SPAM-Ordner) nach und Best\u00e4tige den Bezug dieser EMail-Serie! <\/h2>\n\t\t\t\t\t<div class=\"et_bloom_form_footer\"><p>Mit der Anmeldung zu dieser EMail-Serie, stimme ich den Datenschutzbestimmungen zu (https:\/\/variosling.de\/datenschutz) zu. Eine Weitergabe von personenbezogenen Daten an Dritte f\u00fcr Zwecke von Werbung, Markt- oder Meinungsforschung findet nicht statt.<\/p><\/div>\n\t\t\t\t<\/div>\n\t\t\t<\/div>\n\t\t\t<span class=\"et_bloom_close_button\"><\/span>\n\t\t\t\t<\/div>\n\t\t\t<\/div>\n<p>[\/et_pb_text][\/et_pb_column][\/et_pb_row][et_pb_row padding_mobile=&#8221;off&#8221; column_padding_mobile=&#8221;on&#8221; module_class=&#8221; et_pb_row_fullwidth&#8221; _builder_version=&#8221;3.25&#8243; background_color=&#8221;#ffffff&#8221; background_size=&#8221;initial&#8221; background_position=&#8221;top_left&#8221; background_repeat=&#8221;repeat&#8221; width=&#8221;86%&#8221; width_tablet=&#8221;80%&#8221; width_last_edited=&#8221;on|desktop&#8221; max_width=&#8221;86%&#8221; max_width_tablet=&#8221;80%&#8221; max_width_last_edited=&#8221;on|desktop&#8221; custom_padding=&#8221;|20px||20px&#8221; make_fullwidth=&#8221;on&#8221; use_custom_width=&#8221;off&#8221; width_unit=&#8221;on&#8221;][et_pb_column type=&#8221;4_4&#8243; _builder_version=&#8221;3.25&#8243; custom_padding=&#8221;|||&#8221; custom_padding__hover=&#8221;|||&#8221;][et_pb_text _builder_version=&#8221;3.27.4&#8243; text_letter_spacing=&#8221;0&#8243; text_line_height=&#8221;1.7&#8243; header_font_size=&#8221;30&#8243; header_letter_spacing=&#8221;0&#8243; header_line_height=&#8221;1&#8243; background_size=&#8221;initial&#8221; background_position=&#8221;top_left&#8221; background_repeat=&#8221;repeat&#8221; use_border_color=&#8221;off&#8221; border_color=&#8221;#ffffff&#8221; border_width=&#8221;1&#8243; border_style=&#8221;solid&#8221;]<\/p>\n<h3>Poster, \u00dcbungskarten und DVD&#8217;s zu den Sling-Trainer\u00a0\u00dcbungen<\/h3>\n<p>[\/et_pb_text][et_pb_shop type=&#8221;product_category&#8221; include_categories=&#8221;1725,1727&#8243; orderby=&#8221;menu_order&#8221; _builder_version=&#8221;3.21.1&#8243; title_letter_spacing=&#8221;0&#8243; title_line_height=&#8221;1&#8243; price_letter_spacing=&#8221;0&#8243; price_line_height=&#8221;26&#8243; title_letter_spacing_tablet=&#8221;0&#8243; title_letter_spacing_phone=&#8221;0&#8243; title_line_height_tablet=&#8221;1&#8243; title_line_height_phone=&#8221;1&#8243; price_letter_spacing_tablet=&#8221;0&#8243; price_letter_spacing_phone=&#8221;0&#8243; price_line_height_tablet=&#8221;26&#8243; price_line_height_phone=&#8221;26&#8243;]<\/p>\n<p>[\/et_pb_shop][\/et_pb_column][\/et_pb_row][\/et_pb_section]<\/p>\n","protected":false},"excerpt":{"rendered":"<p>Sling-Training Trainingsplan f\u00fcr Anf\u00e4ngerAnmeldung zum kostenlosen 12 Wochen Ganzk\u00f6rpertraining Dieser Trainingplan richtet sich an alle die einen einfaches Sling-Training suchen.Wir empfehlen die einzelnen \u00dcbungen zuerst zu erlernen und dann mit den Trainingspl\u00e4nen fortzufahren.Du erh\u00e4ltst Deine 12. Trainingspl\u00e4ne als E-Mail im PDF Format. &nbsp; Dein Ganzk\u00f6rpertraining geht \u00fcber 12 Wochen, jede Woche senden wir Dir einen [&hellip;]<\/p>\n","protected":false},"author":1,"featured_media":0,"parent":0,"menu_order":0,"comment_status":"closed","ping_status":"closed","template":"","meta":{"_et_pb_use_builder":"on","_et_pb_old_content":"<p>[et_pb_section admin_label=\"section\" transparent_background=\"off\" allow_player_pause=\"off\" inner_shadow=\"off\" parallax=\"off\" parallax_method=\"on\" padding_mobile=\"off\" make_fullwidth=\"off\" use_custom_width=\"off\" width_unit=\"off\" make_equal=\"off\" use_custom_gutter=\"off\" fullwidth=\"off\" specialty=\"off\" disabled=\"off\" background_image=\"https:\/\/variosling.de\/wp-content\/uploads\/2016\/06\/Variosling-Training.jpg\"][et_pb_row admin_label=\"row\" make_fullwidth=\"off\" use_custom_width=\"off\" width_unit=\"off\" custom_width_px=\"1080px\" custom_width_percent=\"80%\" use_custom_gutter=\"off\" gutter_width=\"4\" padding_mobile=\"off\" allow_player_pause=\"off\" parallax=\"off\" parallax_method=\"on\" make_equal=\"off\" column_padding_mobile=\"on\" parallax_1=\"off\" parallax_method_1=\"on\" parallax_2=\"off\" parallax_method_2=\"on\" parallax_3=\"off\" parallax_method_3=\"on\" parallax_4=\"off\" parallax_method_4=\"on\" disabled=\"off\"][et_pb_column type=\"4_4\"][et_pb_text admin_label=\"Anmeldung zum Workout\" background_layout=\"dark\" text_orientation=\"center\" max_width=\"800px\" background_color=\"rgba(0,0,0,0.5)\" use_border_color=\"off\" border_color=\"#ffffff\" border_style=\"solid\" custom_padding=\"|10px||10px\"]<\/p><h1>Trainings\u00adplan: Einfache \u00dcbungen mit dem Sling-Trainer<\/h1><p>[\/et_pb_text][\/et_pb_column][\/et_pb_row][et_pb_row admin_label=\"Zeile\" make_fullwidth=\"on\" use_custom_width=\"off\" width_unit=\"on\" use_custom_gutter=\"off\" padding_mobile=\"off\" background_color=\"#ffffff\" allow_player_pause=\"off\" parallax=\"off\" parallax_method=\"off\" make_equal=\"off\" parallax_1=\"off\" parallax_method_1=\"off\" column_padding_mobile=\"on\" custom_padding=\"|20px||20px\" parallax_2=\"off\" parallax_method_2=\"off\"][et_pb_column type=\"1_2\"][et_pb_text admin_label=\"Anmeldung zum Workout\" background_layout=\"light\" text_orientation=\"left\" max_width=\"650px\" background_color=\"rgba(255,255,255,0.5)\" use_border_color=\"off\" border_color=\"#ffffff\" border_style=\"solid\" custom_padding=\"|10px||10px\"]<\/p><p>Dieser <strong>Trainingplan<\/strong> richtet sich an alle die einen einfaches <strong>Training f\u00fcr die Sling-Trainer \u00dcbungen<\/strong> suchen.<br \/> Wir empfehlen die einzelnen \u00dcbungen zuerst zu erlernen und dann mit den Trainingspl\u00e4nen fortzufahren.<br \/> Du erh\u00e4ltst Deine <strong>12. Trainingspl\u00e4ne<\/strong> als E-Mail im<strong> PDF Format<\/strong>.<\/p><p>\u00a0<\/p><h3>Dein <span style=\"color: #ff0000;\">Ganzk\u00f6rpertraining<\/span> geht \u00fcber <span style=\"color: #ff0000;\">12 Wochen<\/span>, jede Woche senden wir Dir einen neuen Trainingsplan als E-Mail zu.<\/h3><h3>Deinen Trainingsplan f\u00fcr die 1. Woche kannst du Dir hier jetzt schon runterladen.<\/h3><p>[\/et_pb_text][et_pb_button admin_label=\"Download pdf\" button_url=\"https:\/\/variosling.de\/wp-content\/uploads\/TP-MA-01-slingfitness-trainingsplan-muskelaufbau.pdf\" url_new_window=\"off\" button_text=\"1. Woche Trainingsplan jetzt runterladen\" button_alignment=\"left\" background_layout=\"dark\" custom_button=\"on\" button_text_color=\"#ffffff\" button_bg_color=\"#7cda24\" button_letter_spacing=\"0\" button_use_icon=\"default\" button_icon=\"%%98%%\" button_icon_placement=\"right\" button_on_hover=\"on\" button_letter_spacing_hover=\"0\" button_border_radius=\"7\"] [\/et_pb_button][et_pb_text admin_label=\"Text\" background_layout=\"light\" text_orientation=\"right\" use_border_color=\"off\" border_color=\"#ffffff\" border_style=\"solid\"]<\/p><p style=\"text-align: right;\"><span style=\"font-size: 24pt;\">Alle Trainingspl\u00e4ne<\/span> <span style=\"font-size: 36pt; color: #008080;\"><strong>>><\/strong><\/span><\/p><p>[\/et_pb_text][et_pb_text admin_label=\"Anmeldung zum Workout\" background_layout=\"light\" text_orientation=\"left\" max_width=\"650px\" background_color=\"rgba(255,255,255,0.5)\" use_border_color=\"off\" border_color=\"#ffffff\" border_style=\"solid\" custom_padding=\"|10px||10px\"]<\/p><h3>Alle weiteren Trainingspl\u00e4ne erh\u00e4ltst Du nach Deiner Anmeldung automatisch per E-Mail.<\/h3><p>[\/et_pb_text][\/et_pb_column][et_pb_column type=\"1_2\"][et_pb_text admin_label=\"Bloom\" background_layout=\"light\" text_orientation=\"center\" max_width=\"600px\" use_border_color=\"off\" border_style=\"solid\" disabled=\"off\" border_color=\"#ffffff\"] [et_bloom_inline optin_id=optin_2] [\/et_pb_text][\/et_pb_column][\/et_pb_row][\/et_pb_section]<\/p>","_et_gb_content_width":"","footnotes":""},"class_list":["post-5089","page","type-page","status-publish","hentry"],"_links":{"self":[{"href":"https:\/\/variosling.de\/en\/wp-json\/wp\/v2\/pages\/5089","targetHints":{"allow":["GET"]}}],"collection":[{"href":"https:\/\/variosling.de\/en\/wp-json\/wp\/v2\/pages"}],"about":[{"href":"https:\/\/variosling.de\/en\/wp-json\/wp\/v2\/types\/page"}],"author":[{"embeddable":true,"href":"https:\/\/variosling.de\/en\/wp-json\/wp\/v2\/users\/1"}],"replies":[{"embeddable":true,"href":"https:\/\/variosling.de\/en\/wp-json\/wp\/v2\/comments?post=5089"}],"version-history":[{"count":2,"href":"https:\/\/variosling.de\/en\/wp-json\/wp\/v2\/pages\/5089\/revisions"}],"predecessor-version":[{"id":15667,"href":"https:\/\/variosling.de\/en\/wp-json\/wp\/v2\/pages\/5089\/revisions\/15667"}],"wp:attachment":[{"href":"https:\/\/variosling.de\/en\/wp-json\/wp\/v2\/media?parent=5089"}],"curies":[{"name":"wp","href":"https:\/\/api.w.org\/{rel}","templated":true}]}}