{"id":5034,"date":"2018-07-04T14:16:48","date_gmt":"2018-07-04T12:16:48","guid":{"rendered":"https:\/\/variosling.de\/?page_id=5034"},"modified":"2021-11-09T18:25:31","modified_gmt":"2021-11-09T17:25:31","slug":"sling-training-fuer-fortgeschrittene","status":"publish","type":"page","link":"https:\/\/variosling.de\/en\/sling-training-fuer-fortgeschrittene\/","title":{"rendered":"12 Wochen Trainingsplan &#8211; Sling-Training f\u00fcr Fortgeschrittene"},"content":{"rendered":"<p>[et_pb_section fb_built=&#8221;1&#8243; custom_padding_last_edited=&#8221;on|desktop&#8221; admin_label=&#8221;section&#8221; _builder_version=&#8221;3.22&#8243; background_image=&#8221;https:\/\/variosling.de\/wp-content\/uploads\/2016\/06\/Variosling-Training.jpg&#8221; custom_padding_tablet=&#8221;50px|0|50px|0&#8243; custom_padding_phone=&#8221;&#8221; transparent_background=&#8221;off&#8221; padding_mobile=&#8221;off&#8221; make_fullwidth=&#8221;off&#8221; use_custom_width=&#8221;off&#8221; width_unit=&#8221;off&#8221; global_colors_info=&#8221;{}&#8221;][et_pb_row padding_mobile=&#8221;off&#8221; column_padding_mobile=&#8221;on&#8221; admin_label=&#8221;row&#8221; _builder_version=&#8221;3.25&#8243; background_size=&#8221;initial&#8221; background_position=&#8221;top_left&#8221; background_repeat=&#8221;repeat&#8221; make_fullwidth=&#8221;off&#8221; use_custom_width=&#8221;off&#8221; width_unit=&#8221;off&#8221; custom_width_px=&#8221;1080px&#8221; custom_width_percent=&#8221;80%&#8221; global_colors_info=&#8221;{}&#8221;][et_pb_column type=&#8221;4_4&#8243; _builder_version=&#8221;3.25&#8243; custom_padding=&#8221;|||&#8221; global_colors_info=&#8221;{}&#8221; custom_padding__hover=&#8221;|||&#8221;][et_pb_text admin_label=&#8221;Anmeldung zum Workout&#8221; _builder_version=&#8221;3.27.4&#8243; background_color=&#8221;rgba(0,0,0,0.5)&#8221; background_size=&#8221;initial&#8221; background_position=&#8221;top_left&#8221; background_repeat=&#8221;repeat&#8221; text_orientation=&#8221;center&#8221; background_layout=&#8221;dark&#8221; max_width=&#8221;800px&#8221; module_alignment=&#8221;center&#8221; custom_padding=&#8221;|10px||10px&#8221; z_index_tablet=&#8221;500&#8243; use_border_color=&#8221;off&#8221; border_color=&#8221;#ffffff&#8221; border_style=&#8221;solid&#8221; global_colors_info=&#8221;{}&#8221;]<\/p>\n<h1>Sling-Trainer Trainingsplan f\u00fcr Fortgeschrittene<\/h1>\n<h2>Anmeldung zum 12 Wochen Ganzk\u00f6rper-Trainingsplan<\/h2>\n<p>Diese Workouts eignen sich am besten f\u00fcr Fortgeschrittene im Bereich des Schlingentrainings. Wenn du bereits den <a href=\"https:\/\/variosling.de\/trainingsplan-sling-training-anfaenger-pdf\/\">Trainingsplan f\u00fcr Anf\u00e4nger<\/a> absolviert hast bist du bestens ger\u00fcstet f\u00fcr diese \u00dcbungen.<\/p>\n<p>[\/et_pb_text][\/et_pb_column][\/et_pb_row][et_pb_row padding_mobile=&#8221;off&#8221; column_padding_mobile=&#8221;on&#8221; module_class=&#8221; et_pb_row_fullwidth&#8221; _builder_version=&#8221;3.25&#8243; background_color=&#8221;#ffffff&#8221; background_size=&#8221;initial&#8221; background_position=&#8221;top_left&#8221; background_repeat=&#8221;repeat&#8221; width=&#8221;86%&#8221; width_tablet=&#8221;80%&#8221; width_last_edited=&#8221;on|desktop&#8221; max_width=&#8221;86%&#8221; max_width_tablet=&#8221;80%&#8221; max_width_last_edited=&#8221;on|desktop&#8221; custom_padding=&#8221;|20px||20px&#8221; make_fullwidth=&#8221;on&#8221; use_custom_width=&#8221;off&#8221; width_unit=&#8221;on&#8221; global_colors_info=&#8221;{}&#8221; column_structure=&#8221;1_2,1_2&#8243;][et_pb_column type=&#8221;1_2&#8243; _builder_version=&#8221;3.25&#8243; custom_padding=&#8221;|||&#8221; global_colors_info=&#8221;{}&#8221; custom_padding__hover=&#8221;|||&#8221;][et_pb_text admin_label=&#8221;Anmeldung zum Workout&#8221; _builder_version=&#8221;3.27.4&#8243; background_color=&#8221;rgba(255,255,255,0.5)&#8221; background_size=&#8221;initial&#8221; background_position=&#8221;top_left&#8221; background_repeat=&#8221;repeat&#8221; max_width=&#8221;650px&#8221; custom_padding=&#8221;|10px||10px&#8221; use_border_color=&#8221;off&#8221; global_colors_info=&#8221;{}&#8221;]<\/p>\n<p>\nDieser <strong>Trainingsplan<\/strong> richtet sich an <strong>Fortgeschrittene im Sling-Training<\/strong>.<br \/>\nWir empfehlen die einzelnen \u00dcbungen zuerst zu erlernen und dann mit den Trainingspl\u00e4nen fortzufahren.<br \/>\nDu erh\u00e4ltst Deine <strong>12 Trainingspl\u00e4ne<\/strong> als E-Mail im<strong> PDF Format<\/strong>.<\/p>\n<p>&nbsp;<\/p>\n<h3>Dein <span style=\"color: #ff0000;\">Ganzk\u00f6rpertraining<\/span> geht \u00fcber <span style=\"color: #ff0000;\">12 Wochen<\/span>, jede Woche senden wir Dir einen neuen Trainingsplan per E-Mail zu.<\/h3>\n<h3>Deinen Trainingsplan f\u00fcr die 1. Woche kannst du Dir hier jetzt schon runterladen.<\/h3>\n<p>&nbsp;<\/p>\n<p>[\/et_pb_text][et_pb_button button_url=&#8221;https:\/\/variosling.de\/wp-content\/uploads\/TP-MAM-01-slingfitness-trainingsplan-muskelaufbau.pdf&#8221; button_text=&#8221;1. Woche Trainingsplan jetzt runterladen&#8221; button_alignment=&#8221;left&#8221; admin_label=&#8221;Download pdf&#8221; _builder_version=&#8221;3.16&#8243; custom_button=&#8221;on&#8221; button_text_color=&#8221;#ffffff&#8221; button_bg_color=&#8221;#7cda24&#8243; button_icon=&#8221;%%98%%&#8221; background_layout=&#8221;dark&#8221; button_letter_spacing_hover=&#8221;0&#8243; global_colors_info=&#8221;{}&#8221; button_text_size__hover_enabled=&#8221;off&#8221; button_text_size__hover=&#8221;null&#8221; button_one_text_size__hover_enabled=&#8221;off&#8221; button_one_text_size__hover=&#8221;null&#8221; button_two_text_size__hover_enabled=&#8221;off&#8221; button_two_text_size__hover=&#8221;null&#8221; button_text_color__hover_enabled=&#8221;off&#8221; button_text_color__hover=&#8221;null&#8221; button_one_text_color__hover_enabled=&#8221;off&#8221; button_one_text_color__hover=&#8221;null&#8221; button_two_text_color__hover_enabled=&#8221;off&#8221; button_two_text_color__hover=&#8221;null&#8221; button_border_width__hover_enabled=&#8221;off&#8221; button_border_width__hover=&#8221;null&#8221; button_one_border_width__hover_enabled=&#8221;off&#8221; button_one_border_width__hover=&#8221;null&#8221; button_two_border_width__hover_enabled=&#8221;off&#8221; button_two_border_width__hover=&#8221;null&#8221; button_border_color__hover_enabled=&#8221;off&#8221; button_border_color__hover=&#8221;null&#8221; button_one_border_color__hover_enabled=&#8221;off&#8221; button_one_border_color__hover=&#8221;null&#8221; button_two_border_color__hover_enabled=&#8221;off&#8221; button_two_border_color__hover=&#8221;null&#8221; button_border_radius__hover_enabled=&#8221;off&#8221; button_border_radius__hover=&#8221;null&#8221; button_one_border_radius__hover_enabled=&#8221;off&#8221; button_one_border_radius__hover=&#8221;null&#8221; button_two_border_radius__hover_enabled=&#8221;off&#8221; button_two_border_radius__hover=&#8221;null&#8221; button_letter_spacing__hover_enabled=&#8221;on&#8221; button_letter_spacing__hover=&#8221;0&#8243; button_one_letter_spacing__hover_enabled=&#8221;off&#8221; button_one_letter_spacing__hover=&#8221;null&#8221; button_two_letter_spacing__hover_enabled=&#8221;off&#8221; button_two_letter_spacing__hover=&#8221;null&#8221; button_bg_color__hover_enabled=&#8221;off&#8221; button_bg_color__hover=&#8221;null&#8221; button_one_bg_color__hover_enabled=&#8221;off&#8221; button_one_bg_color__hover=&#8221;null&#8221; button_two_bg_color__hover_enabled=&#8221;off&#8221; button_two_bg_color__hover=&#8221;null&#8221;]<br \/>\n[\/et_pb_button][et_pb_text disabled_on=&#8221;on||&#8221; _builder_version=&#8221;3.27.4&#8243; background_size=&#8221;initial&#8221; background_position=&#8221;top_left&#8221; background_repeat=&#8221;repeat&#8221; text_orientation=&#8221;right&#8221; use_border_color=&#8221;off&#8221; global_colors_info=&#8221;{}&#8221;]<\/p>\n<p style=\"text-align: right;\"><span style=\"font-size: 24pt;\">Alle Trainingspl\u00e4ne<\/span> <span style=\"font-size: 36pt; color: #008080;\"><strong>&gt;&gt;<\/strong><\/span><\/p>\n<p>[\/et_pb_text][et_pb_text disabled_on=&#8221;|on|on&#8221; _builder_version=&#8221;3.27.4&#8243; background_size=&#8221;initial&#8221; background_position=&#8221;top_left&#8221; background_repeat=&#8221;repeat&#8221; text_orientation=&#8221;right&#8221; use_border_color=&#8221;off&#8221; global_colors_info=&#8221;{}&#8221;]<\/p>\n<p style=\"text-align: center;\"><span style=\"font-size: 24pt;\">Alle Trainingspl\u00e4ne<\/span><\/p>\n<p style=\"text-align: center;\"><span style=\"font-size: 36pt; color: #008080;\"><strong>\u21d3<\/strong><\/span><\/p>\n<p>[\/et_pb_text][et_pb_text admin_label=&#8221;Anmeldung zum Workout&#8221; _builder_version=&#8221;3.27.4&#8243; background_color=&#8221;rgba(255,255,255,0.5)&#8221; background_size=&#8221;initial&#8221; background_position=&#8221;top_left&#8221; background_repeat=&#8221;repeat&#8221; max_width=&#8221;650px&#8221; custom_padding=&#8221;|10px||10px&#8221; use_border_color=&#8221;off&#8221; border_color=&#8221;#ffffff&#8221; border_style=&#8221;solid&#8221; global_colors_info=&#8221;{}&#8221;]<\/p>\n<h3>Alle weiteren Trainingspl\u00e4ne erh\u00e4ltst Du nach Deiner Anmeldung automatisch per E-Mail.<\/h3>\n<p>[\/et_pb_text][\/et_pb_column][et_pb_column type=&#8221;1_2&#8243; _builder_version=&#8221;3.25&#8243; custom_padding=&#8221;|||&#8221; global_colors_info=&#8221;{}&#8221; custom_padding__hover=&#8221;|||&#8221;][et_pb_text admin_label=&#8221;Bloom&#8221; _builder_version=&#8221;3.27.4&#8243; background_size=&#8221;initial&#8221; background_position=&#8221;top_left&#8221; background_repeat=&#8221;repeat&#8221; text_orientation=&#8221;center&#8221; max_width=&#8221;600px&#8221; module_alignment=&#8221;center&#8221; use_border_color=&#8221;off&#8221; border_color=&#8221;#ffffff&#8221; border_style=&#8221;solid&#8221; global_colors_info=&#8221;{}&#8221;]<\/p>\n<div class=\"et_bloom_inline_form et_bloom_optin et_bloom_make_form_visible et_bloom_optin_3\" style=\"display: none;\">\n\t\t\t\t<style type=\"text\/css\">.et_bloom .et_bloom_optin_3 .et_bloom_form_content { background-color: #dddddd !important; } .et_bloom .et_bloom_optin_3 .et_bloom_form_container .et_bloom_form_header { background-color: #ffffff !important; } .et_bloom .et_bloom_optin_3 .carrot_edge .et_bloom_form_content:before { border-top-color: #ffffff !important; } .et_bloom .et_bloom_optin_3 .carrot_edge.et_bloom_form_right .et_bloom_form_content:before, .et_bloom .et_bloom_optin_3 .carrot_edge.et_bloom_form_left .et_bloom_form_content:before { border-top-color: transparent !important; border-left-color: #ffffff !important; }\n\t\t\t\t\t\t@media only screen and ( max-width: 767px ) {.et_bloom .et_bloom_optin_3 .carrot_edge.et_bloom_form_right .et_bloom_form_content:before { border-top-color: #ffffff !important; border-left-color: transparent !important; }.et_bloom .et_bloom_optin_3 .carrot_edge.et_bloom_form_left .et_bloom_form_content:after { border-bottom-color: #ffffff !important; border-left-color: transparent !important; }\n\t\t\t\t\t\t}.et_bloom .et_bloom_optin_3 .et_bloom_form_content button { background-color: #81d742 !important; } .et_bloom .et_bloom_optin_3 .et_bloom_form_content .et_bloom_fields i { color: #81d742 !important; } .et_bloom .et_bloom_optin_3 .et_bloom_form_content .et_bloom_custom_field_radio i:before { background: #81d742 !important; } .et_bloom .et_bloom_optin_3 .et_bloom_form_content button { background-color: #81d742 !important; } .et_bloom .et_bloom_optin_3 .et_bloom_form_container h2, .et_bloom .et_bloom_optin_3 .et_bloom_form_container h2 span, .et_bloom .et_bloom_optin_3 .et_bloom_form_container h2 strong { font-family: \"Georgia\", Helvetica, Arial, Lucida, sans-serif; }.et_bloom .et_bloom_optin_3 .et_bloom_form_container p, .et_bloom .et_bloom_optin_3 .et_bloom_form_container p span, .et_bloom .et_bloom_optin_3 .et_bloom_form_container p strong, .et_bloom .et_bloom_optin_3 .et_bloom_form_container form input, .et_bloom .et_bloom_optin_3 .et_bloom_form_container form button span { font-family: \"Georgia\", Helvetica, Arial, Lucida, sans-serif; } <\/style>\n\t\t\t\t<div class=\"et_bloom_form_container  with_edge carrot_edge et_bloom_rounded et_bloom_form_text_dark et_bloom_form_bottom et_bloom_inline_1_field\">\n\t\t\t\t\t\n\t\t\t<div class=\"et_bloom_form_container_wrapper clearfix\">\n\t\t\t\t<div class=\"et_bloom_header_outer\">\n\t\t\t\t\t<div class=\"et_bloom_form_header et_bloom_header_text_dark\">\n\t\t\t\t\t\t<img decoding=\"async\" width=\"428\" height=\"175\" src=\"https:\/\/variosling.de\/wp-content\/uploads\/Ganzkoerpertraining-02-Workout-Plan-Mail.jpg\" class=\" et_bloom_image_slideup et_bloom_image\" alt=\"Sling-Trainer Ganzk\u00f6rpertraining Trainingsplan Fortgeschrittene PDF\" srcset=\"https:\/\/variosling.de\/wp-content\/uploads\/Ganzkoerpertraining-02-Workout-Plan-Mail.jpg 428w, https:\/\/variosling.de\/wp-content\/uploads\/Ganzkoerpertraining-02-Workout-Plan-Mail-280x114.jpg 280w, https:\/\/variosling.de\/wp-content\/uploads\/Ganzkoerpertraining-02-Workout-Plan-Mail-400x164.jpg 400w, https:\/\/variosling.de\/wp-content\/uploads\/Ganzkoerpertraining-02-Workout-Plan-Mail-300x123.jpg 300w, https:\/\/variosling.de\/wp-content\/uploads\/Ganzkoerpertraining-02-Workout-Plan-Mail-239x98.jpg 239w, https:\/\/variosling.de\/wp-content\/uploads\/Ganzkoerpertraining-02-Workout-Plan-Mail-154x63.jpg 154w, https:\/\/variosling.de\/wp-content\/uploads\/Ganzkoerpertraining-02-Workout-Plan-Mail-218x89.jpg 218w, https:\/\/variosling.de\/wp-content\/uploads\/Ganzkoerpertraining-02-Workout-Plan-Mail-183x75.jpg 183w\" sizes=\"(max-width: 428px) 100vw, 428px\" \/>\n\t\t\t\t\t\t<div class=\"et_bloom_form_text\">\n\t\t\t\t\t\t<h2><strong>Gratis Anmeldung 12. Wochen Trainingsplan.<\/strong><\/h2><p><strong>Sling-Trainer Ganzk\u00f6rpertraining Schwierigkeitsgrad: mittel<\/strong><\/p>\n\t\t\t\t\t<\/div>\n\t\t\t\t\t\t\n\t\t\t\t\t<\/div>\n\t\t\t\t<\/div>\n\t\t\t\t<div class=\"et_bloom_form_content et_bloom_1_field et_bloom_bottom_inline\">\n\t\t\t\t\t\n\t\t\t\t\t\n\t\t\t\t\t<form method=\"post\" class=\"clearfix\">\n\t\t\t\t\t\t<div class=\"et_bloom_fields\">\n\t\t\t\t\t\t\t\n\t\t\t\t\t\t\t<p class=\"et_bloom_popup_input et_bloom_subscribe_email\">\n\t\t\t\t\t\t\t\t<input placeholder=\"Email\">\n\t\t\t\t\t\t\t<\/p>\n\t\t\t\t\t\t\t\n\t\t\t\t\t\t\t<button data-optin_id=\"optin_3\" data-service=\"sendinblue\" data-list_id=\"19\" data-page_id=\"5034\" data-account=\"N\u00b03\" data-ip_address=\"true\" class=\"et_bloom_submit_subscription\">\n\t\t\t\t\t\t\t\t<span class=\"et_bloom_subscribe_loader\"><\/span>\n\t\t\t\t\t\t\t\t<span class=\"et_bloom_button_text et_bloom_button_text_color_dark\">Anmelden!<\/span>\n\t\t\t\t\t\t\t<\/button>\n\t\t\t\t\t\t<\/div>\n\t\t\t\t\t<\/form>\n\t\t\t\t\t<div class=\"et_bloom_success_container\">\n\t\t\t\t\t\t<span class=\"et_bloom_success_checkmark\"><\/span>\n\t\t\t\t\t<\/div>\n\t\t\t\t\t<h2 class=\"et_bloom_success_message\">Bitte schau nun in deinem EMail-Postfach (auch im SPAM-Ordner) nach und Best\u00e4tige den Bezug dieser EMail-Serie! <\/h2>\n\t\t\t\t\t<div class=\"et_bloom_form_footer\"><p>Mit der Anmeldung zu dieser EMailserie, stimme ich den Datenschutzbestimmungen zu (https:\/\/variosling.de\/datenschutz) zu. Eine Weitergabe von personenbezogenen Daten an Dritte f\u00fcr Zwecke von Werbung, Markt- oder Meinungsforschung findet nicht statt.<\/p><\/div>\n\t\t\t\t<\/div>\n\t\t\t<\/div>\n\t\t\t<span class=\"et_bloom_close_button\"><\/span>\n\t\t\t\t<\/div>\n\t\t\t<\/div>\n<p>[\/et_pb_text][\/et_pb_column][\/et_pb_row][\/et_pb_section]<\/p>\n","protected":false},"excerpt":{"rendered":"<p>Sling-Trainer Trainingsplan f\u00fcr FortgeschritteneAnmeldung zum 12 Wochen Ganzk\u00f6rper-TrainingsplanDiese Workouts eignen sich am besten f\u00fcr Fortgeschrittene im Bereich des Schlingentrainings. Wenn du bereits den Trainingsplan f\u00fcr Anf\u00e4nger absolviert hast bist du bestens ger\u00fcstet f\u00fcr diese \u00dcbungen. Dieser Trainingsplan richtet sich an Fortgeschrittene im Sling-Training. Wir empfehlen die einzelnen \u00dcbungen zuerst zu erlernen und dann mit den [&hellip;]<\/p>\n","protected":false},"author":1,"featured_media":0,"parent":0,"menu_order":0,"comment_status":"closed","ping_status":"closed","template":"","meta":{"_et_pb_use_builder":"on","_et_pb_old_content":"<p>[et_pb_section admin_label=\"section\" transparent_background=\"off\" allow_player_pause=\"off\" inner_shadow=\"off\" parallax=\"off\" parallax_method=\"on\" padding_mobile=\"off\" make_fullwidth=\"off\" use_custom_width=\"off\" width_unit=\"off\" make_equal=\"off\" use_custom_gutter=\"off\" fullwidth=\"off\" specialty=\"off\" disabled=\"off\" background_image=\"https:\/\/variosling.de\/wp-content\/uploads\/2016\/06\/Variosling-Training.jpg\"][et_pb_row admin_label=\"row\" make_fullwidth=\"off\" use_custom_width=\"off\" width_unit=\"off\" custom_width_px=\"1080px\" custom_width_percent=\"80%\" use_custom_gutter=\"off\" gutter_width=\"4\" padding_mobile=\"off\" allow_player_pause=\"off\" parallax=\"off\" parallax_method=\"on\" make_equal=\"off\" column_padding_mobile=\"on\" parallax_1=\"off\" parallax_method_1=\"on\" parallax_2=\"off\" parallax_method_2=\"on\" parallax_3=\"off\" parallax_method_3=\"on\" parallax_4=\"off\" parallax_method_4=\"on\" disabled=\"off\"][et_pb_column type=\"4_4\"][et_pb_text admin_label=\"Bloom\" background_layout=\"light\" text_orientation=\"center\" max_width=\"600px\" use_border_color=\"off\" border_style=\"solid\" disabled=\"off\"] [et_bloom_inline optin_id=optin_1] [\/et_pb_text][\/et_pb_column][\/et_pb_row][\/et_pb_section]<\/p>","_et_gb_content_width":"","footnotes":""},"class_list":["post-5034","page","type-page","status-publish","hentry"],"_links":{"self":[{"href":"https:\/\/variosling.de\/en\/wp-json\/wp\/v2\/pages\/5034","targetHints":{"allow":["GET"]}}],"collection":[{"href":"https:\/\/variosling.de\/en\/wp-json\/wp\/v2\/pages"}],"about":[{"href":"https:\/\/variosling.de\/en\/wp-json\/wp\/v2\/types\/page"}],"author":[{"embeddable":true,"href":"https:\/\/variosling.de\/en\/wp-json\/wp\/v2\/users\/1"}],"replies":[{"embeddable":true,"href":"https:\/\/variosling.de\/en\/wp-json\/wp\/v2\/comments?post=5034"}],"version-history":[{"count":3,"href":"https:\/\/variosling.de\/en\/wp-json\/wp\/v2\/pages\/5034\/revisions"}],"predecessor-version":[{"id":15685,"href":"https:\/\/variosling.de\/en\/wp-json\/wp\/v2\/pages\/5034\/revisions\/15685"}],"wp:attachment":[{"href":"https:\/\/variosling.de\/en\/wp-json\/wp\/v2\/media?parent=5034"}],"curies":[{"name":"wp","href":"https:\/\/api.w.org\/{rel}","templated":true}]}}