{"id":5024,"date":"2016-12-16T08:41:29","date_gmt":"2016-12-16T07:41:29","guid":{"rendered":"https:\/\/variosling.de\/?page_id=5024"},"modified":"2018-10-25T14:07:19","modified_gmt":"2018-10-25T12:07:19","slug":"nutzungsbedingungen","status":"publish","type":"page","link":"https:\/\/variosling.de\/en\/nutzungsbedingungen\/","title":{"rendered":"Nutzungsbedingungen"},"content":{"rendered":"<div class=\"et_pb_text et_pb_module et_pb_bg_layout_light et_pb_text_align_left  et_pb_text_0\">\n<h1><\/h1>\n<p>Stand: 07.12.2015<\/p>\n<p>1. Geltungsbereich, \u00c4nderungen der AGB<\/p>\n<p>1.1 Das Angebot von variosling.de, f\u00fcr das Sie sich registrieren, ist ein Angebot der Variosports GmbH. Variosports stellt Ihnen sein Angebot auf Grundlage dieser Nutzungsbedingungen (AGB) zur Verf\u00fcgung. Diese Allgemeinen Gesch\u00e4ftsbedingungen werden auch dann Gegenstand des Vertrags, wenn die Nutzung oder der Zugriff auf den Variosling-Dienst au\u00dferhalb der Bundesrepublik Deutschland erfolgt. Wenn Sie mit der Geltung dieser AGB nicht einverstanden sind, kann die Nutzung des formbelt-Dienstes nicht erfolgen. Mit den formbelt-Diensten sind im Folgenden alle auf formbelt.com zur Verf\u00fcgung stehenden Inhalte gemeint. Mit der Registrierung erkl\u00e4rt der Nutzer, dass er die Allgemeinen Gesch\u00e4ftsbedingungen gelesen und verstanden hat und sie akzeptiert. Damit werden diese AGB Vertragsbestandteil.<\/p>\n<p>1.2 Variosports beh\u00e4lt sich das Recht vor, die AGB mit Wirkung f\u00fcr die Zukunft zu \u00e4ndern. In diesem Fall wird Variosports Ihnen vorher \u00c4nderungen an den AGB mitteilen und Sie dabei darauf hinweisen, dass die \u00c4nderungen als angenommen gelten, wenn Sie nicht binnen vier Wochen den \u00c4nderungen widersprechen, oder sobald Sie den Dienst erneut nutzen. \u00dcber \u00c4nderungen dieser AGB oder sonstige Angelegenheiten k\u00f6nnen wir Sie auch dadurch informieren, dass wir Hinweise oder Links in unserem Angebot ver\u00f6ffentlichen.<\/p>\n<p>2. Anmeldung, Voraussetzungen f\u00fcr die Teilnahme, rechtsgesch\u00e4ftliche Erkl\u00e4rungen<\/p>\n<p>2.1 Teilnahmeberechtigt sind nur Nutzer, die voll gesch\u00e4ftsf\u00e4hig sind oder mit Zustimmung Ihrer gesetzlichen Vertretungsberechtigten handeln.<\/p>\n<p>2.2 Sie sind verpflichtet, wahrheitsgem\u00e4\u00dfe, genaue, aktuelle und vollst\u00e4ndige Angaben nach der Vorgabe des Anmeldeformulars zu machen und Ihre Daten im Mitgliedskonto stets aktuell und richtig zu halten. Nach der Registrierung erhalten Sie ein Passwort und eine Bezeichnung f\u00fcr Ihr Mitgliedskonto zugeteilt.<\/p>\n<p>2.3 Wir weisen darauf hin, dass Ihnen rechtsgesch\u00e4ftliche Erkl\u00e4rungen (z.B. Best\u00e4tigungs-E-Mail, \u00c4nderungen der AGB) per E-Mail zugehen k\u00f6nnen. Diese gelten insbesondere dann als zugegangen, wenn sie unter normalen Umst\u00e4nden in Ihrer Mailbox in unserem Dienst abrufbar sind.<\/p>\n<p>2.4 Ihr Mitgliedskonto ist nicht \u00fcbertragbar oder vererbbar.<\/p>\n<p>3. Beendigung, Sperrung des Mitgliedskontos<\/p>\n<p>*3.1 Sie k\u00f6nnen Ihr Mitgliedskonto zu jeder Zeit aus welchem Grund auch immer l\u00f6schen. Variosports wird dann die f\u00fcr Sie gespeicherten Daten l\u00f6schen.*<\/p>\n<p>3.2 Sie sind damit einverstanden, dass auch Variosports, sollten Sie diese AGB verletzt oder wesentliche Grundgedanken der AGB nicht befolgt haben, nach eigenem Ermessen Ihr Passwort, Ihr Mitgliedskonto (oder Teile bzw. bestimmte Inhalte darin) oder jede sonstige Benutzung unserer Dienste durch Sie beendet und jeglichen Ihrer Inhalte l\u00f6schen kann.<\/p>\n<p>3.3 Sie sind damit einverstanden, dass jegliche Unterbrechung Ihres Zugangs zu den formbelt-Diensten gem\u00e4\u00df den Bestimmungen dieser Vereinbarung ohne vorherige Mitteilung durchgef\u00fchrt werden kann und dass Variosports Ihr Mitgliedskonto und alle Informationen und Dateien unverz\u00fcglich sperren oder l\u00f6schen und\/oder jeglichen weiteren Zugang zu solchen Dateien oder zum Angebot unterbinden kann.<\/p>\n<p>*3.5 Die Verpflichtungen nach Ziff. 4.2, 4.3, 5, 7, 8 und 10 gelten auch nach L\u00f6schung des Mitgliedskontos weiter, soweit sich ihre Anwendung auf Ihr Verhalten vor dem Zeitpunkt der L\u00f6schung bezieht.*<\/p>\n<p>4. Allgemeine Pflichten des Nutzers<\/p>\n<p>4.1 Sie haben daf\u00fcr Sorge zu tragen, dass Ihr Mitgliedskonto nur von Ihnen selbst genutzt wird und m\u00fcssen zu diesem Zweck insbesondere Ihr Passwort geheim halten.<\/p>\n<p>4.2 Sie erkennen an, dass der Inhaber eines Mitgliedskontos in vollem Umfang f\u00fcr alle Aktivit\u00e4ten, die \u00fcber sein Mitgliedskonto ausge\u00fcbt werden, verantwortlich ist. Falls Sie einer anderen Person, z.B. einem Minderj\u00e4hrigen ohne Zustimmung von dessen Erziehungsberechtigten die Nutzung Ihres Accounts gestattet haben, erkennen Sie an, dass Sie voll verantwortlich sind f\u00fcr die Handlungen dieses Nutzers, die Kontrolle des Zugangs und die Nutzung des Angebots durch den Nutzer und die Folgen jeden Missbrauchs.<\/p>\n<p>4.3 Sie informieren uns unverz\u00fcglich \u00fcber jede missbr\u00e4uchliche Benutzung Ihres Passwortes oder Mitgliedkontos sowie \u00fcber jegliche sonstige Verletzung von Sicherheitsvorschriften und haften gegen\u00fcber Variosports f\u00fcr von Ihnen verursachte Missbr\u00e4uche Ihres Mitgliedskontos.<\/p>\n<p>4.4 Sie werden selbst auf eigene Kosten die f\u00fcr die Teilnahme erforderlichen technischen Voraussetzungen (z.B. Internetanschluss, Mobilfunkanschluss) beschaffen.<\/p>\n<p>4.5 Sie verpflichten sich, Handlungen zu unterlassen, welche die Funktionsf\u00e4higkeit unserer Dienste beeintr\u00e4chtigen k\u00f6nnen (z.B. durch Software oder sonstige Scripts). Das gilt insbesondere auch f\u00fcr den Einsatz von \u201erobot\u201c, \u201espider\u201c oder \u201eoffline-reader\u201c Software, die Nutzeranfragen \u00fcber das Internet automatisch erzeugen. Ebenso unterlassen Sie es, Ihnen nicht von uns hierf\u00fcr zur Verf\u00fcgung gestellte Bereiche der Website, einschlie\u00dflich Bereichen anderer Nutzer, zu modifizieren, zu \u00fcberschreiben, zu kopieren oder zu verbreiten.<\/p>\n<p>4.6 Sie d\u00fcrfen unser Angebot oder Teile davon, den Einsatz unseres Angebots durch Sie als Dienstleistung oder den Zugang zu unserem Angebot nicht f\u00fcr kommerzielle Zwecke gleich welcher Art nutzen; z.B. nachahmen, verkaufen, vermieten oder f\u00fcr eigene oder fremde Werbezwecke nutzen oder anbieten.<\/p>\n<p>5. Verantwortlichkeit, Verbotene Inhalte und Verhaltensweisen<\/p>\n<p>5.1 Die Verantwortung f\u00fcr s\u00e4mtliche Informationen, Daten, Texte, Software, Musik, Ger\u00e4usche, Fotos, Grafiken, Videos, Nachrichten oder sonstige Materialien (\u201eInhalt\u201c), die unter Verwendung des formbelt-Dienstes von Ihnen oder anderen Nutzern gespeichert, ver\u00f6ffentlicht oder \u00fcbermittelt werden, liegt ausschlie\u00dflich und uneingeschr\u00e4nkt bei der Person, von der ein solcher Inhalt stammt; also z.B. f\u00fcr Inhalte, die Sie selbst geschaffen haben, aber auch f\u00fcr Inhalte, die Sie aus anderen Quellen erworben haben, und die Sie unter Nutzung unseres Angebot in unseren Diensten speichern, ver\u00f6ffentlichen und\/oder \u00fcbermitteln, ausschlie\u00dflich und uneingeschr\u00e4nkt bei Ihnen.<\/p>\n<p>5.2 Sie d\u00fcrfen im Rahmen der Nutzung der formbelt-Dienste nicht:<\/p>\n<p>Daten, Texte, Bilder, Dateien, Links, Software oder sonstige Inhalte speichern, ver\u00f6ffentlichen und\/oder \u00fcbermitteln, die nach den einschl\u00e4gigen gesetzlichen Bestimmungen oder nach der Einsch\u00e4tzung von Variosports rechtswidrig, sch\u00e4digend, bedrohend, missbr\u00e4uchlich, bel\u00e4stigend, verleumderisch, vulg\u00e4r, obsz\u00f6n, hasserregend, rassistisch oder in sonstiger Weise zu beanstanden sind oder Minderj\u00e4hrigen in irgendeiner Weise Schaden zuf\u00fcgen k\u00f6nnen, insbesondere pornografisch, gewaltverherrlichend oder sonst jugendgef\u00e4hrdend sind ;<\/p>\n<p>Inhalte speichern, ver\u00f6ffentlichen und\/oder \u00fcbermitteln, die Rechte Dritter, insbesondere Patente, Marken, Urheber- oder Leistungsschutzrechte, Gesch\u00e4ftsgeheimnisse, Pers\u00f6nlichkeitsrechte oder Eigentumsrechte verletzen;<\/p>\n<p>Material speichern, ver\u00f6ffentlichen und\/oder \u00fcbermitteln, das Software-Viren oder andere Informationen, Dateien oder Programme enth\u00e4lt, die dazu gedacht oder geeignet sind, die Funktion von Computer Soft- oder Hardware oder von Telekommunikationsvorrichtungen zu unterbrechen, zu zerst\u00f6ren oder einzuschr\u00e4nken;<\/p>\n<p>Inhalte speichern, ver\u00f6ffentlichen und\/oder \u00fcbermitteln, zu deren Weitergabe Sie nicht berechtigt sind;<\/p>\n<p>sich in den formbelt-Diensten als eine andere Person ausgeben, z.B. als ein Vertreter von Variosports oder eines in sonstiger Weise f\u00fcr das Angebot Verantwortlichen, oder eine nicht bestehende Beziehung zu solchen Personen vorgeben;<\/p>\n<p>Kopfzeilen f\u00e4lschen oder in sonstiger Weise Erkennungszeichen manipulieren, um die Herkunft eines Inhalts, der im Rahmen des Angebots \u00fcbertragen wird, zu verschleiern;<\/p>\n<p>unerbetene Werbung, Promotionsmaterial, Junk- oder Massen-E-Mails (\u201eSpam\u201c), Kettenbriefe, Schneeballsysteme oder sonstige Werbung speichern, ver\u00f6ffentlichen und\/oder \u00fcbermitteln;<\/p>\n<p>irgendjemanden, sei es eine nat\u00fcrliche oder juristische Person oder ein Unternehmen, bel\u00e4stigen, beleidigen, bedrohen, verleumden, in Bedr\u00e4ngnis oder Verlegenheit bringen oder ihr in sonstiger Weise Unannehmlichkeiten verursachen oder in Bezug auf eine nat\u00fcrliche oder juristische Person oder ein Unternehmen unwahre Tatsachen behaupten oder verbreiten;<\/p>\n<p>pers\u00f6nliche Daten \u00fcber andere Benutzer sammeln, speichern oder \u00fcbermitteln, soweit die Betroffenen damit nicht einverstanden sind.<\/p>\n<p>5.3 Auch wenn wir Inhalte von Nutzern grunds\u00e4tzlich nicht \u00fcberpr\u00fcfen oder kontrollieren, behalten wir uns jedoch das Recht vor, Inhalte, die \u00fcber unser Angebot zug\u00e4nglich sind, ohne Angabe von Gr\u00fcnden mit sofortiger Wirkung zur\u00fcckzuweisen, zu sperren, zu l\u00f6schen oder ggf. an einem anderen Ort innerhalb des Angebots zu ver\u00f6ffentlichen, insbesondere uns zur Kenntnis gekommene Inhalte von Nutzern, wenn diese gegen diese AGB versto\u00dfen.<\/p>\n<p>6. Datenschutz<\/p>\n<p>Zum Thema Datenschutz beachten Sie bitte unsere Datenschutzerkl\u00e4rung.<\/p>\n<p>7. Gew\u00e4hrleistungsauschluss, Links<\/p>\n<p>*7.1 Wir bieten unsere Dienste in der f\u00fcr uns als passend befundenen Gestaltung und unter dem Vorbehalt, diese jederzeit unterbrechen oder einstellen zu d\u00fcrfen an. Sie nutzen unser Angebot auf eigenes Risiko. *<\/p>\n<p>7.2 Variosports gew\u00e4hrleistet weder Ihnen gegen\u00fcber noch gegen\u00fcber sonstigen Personen, dass das Angebot Ihren Anforderungen gen\u00fcgt und zu jeder Zeit ohne Unterbrechung, zeitgerecht, sicher und fehlerfrei zur Verf\u00fcgung steht. Variosports \u00fcbernimmt keine Gew\u00e4hrleistung bez\u00fcglich der Ergebnisse, die durch die Nutzung des Angebots erzielt werden k\u00f6nnen. Variosports gew\u00e4hrleistet auch nicht, dass die f\u00fcr unser Angebot genutzte Hard- und Software zu jeder Zeit fehlerfrei arbeitet oder dass etwaige Fehler in der Hard- oder Software korrigiert werden, und \u00fcbernimmt keine Haftung f\u00fcr Sch\u00e4den, die aus der Nutzung oder Unm\u00f6glichkeit der Nutzung der formbelt-Dienste, einschlie\u00dflich Datenverlust oder Datenkorruption entstehen. Insbesondere haftet Variosports nicht f\u00fcr Kosten der Ersatzbeschaffung oder f\u00fcr Kosten, die im Zusammenhang mit etwa erworbenen Waren oder Dienstleistungen, erhaltenen Nachrichten oder sonstigen Gesch\u00e4ften oder einer Ver\u00e4nderung Ihrer Eingaben oder Daten oder in sonstiger Weise im Zusammenhang mit den formbelt-Diensten entstehen. Variosports \u00fcbernimmt auch keine Haftung f\u00fcr das Verhalten von Nutzern oder sonstigen Dritten oder f\u00fcr Inhalte oder Erkl\u00e4rungen, die von Nutzern oder sonstigen Dritten im Rahmen des Angebots weitergegeben werden.<\/p>\n<p>7.3 Unser Angebot kann Verweise (Links) zu anderen Websites und Diensten enthalten, einschlie\u00dflich auch Inhalten, die Nutzer unserer Angebote im Rahmen unserer Dienste auf unseren Servern speichern. Wir kontrollieren die Ziele dieser Verweise nicht, machen uns Inhalte, die auf oder \u00fcber solche Angebote oder Quellen Dritter zug\u00e4nglich sind, nicht zu Eigen und schlie\u00dfen jegliche Haftung oder Gew\u00e4hrleistung in Bezug auf diese aus.<\/p>\n<p>8. Haftung und Haftungsbeschr\u00e4nkung<\/p>\n<p>8.1 Schadensersatzanspr\u00fcche gegen Variosports sind unabh\u00e4ngig vom Rechtsgrund ausgeschlossen, es sei denn, Variosports, seine gesetzlichen Vertreter oder Erf\u00fcllungsgehilfen haben vors\u00e4tzlich oder grob fahrl\u00e4ssig gehandelt. F\u00fcr leichte Fahrl\u00e4ssigkeit haftet Variosports nur, wenn eine f\u00fcr die Erreichung des Vertragszwecks wesentliche Vertragspflicht durch Variosports, ihre gesetzlichen Vertreter oder leitende Angestellte oder Erf\u00fcllungsgehilfen verletzt wurde.<\/p>\n<p>8.2 Vorstehende Haftungsbegrenzung gilt nicht f\u00fcr Schadenersatzanspr\u00fcche, die aus der Verletzung von Leben, K\u00f6rper, Gesundheit oder der \u00dcbernahme einer Beschaffenheitsgarantie oder einem arglistigen Verschweigen von M\u00e4ngeln durch Variosports resultieren.<\/p>\n<p>8.3 Soweit Variosports nach Ziffer 1 f\u00fcr leichte Fahrl\u00e4ssigkeit haftet, wird der Schadensersatzanspruch auf den vorhersehbaren, vertragstypischen Schaden begrenzt.<\/p>\n<p>8.4 Schadenersatzanspr\u00fcche gegen Variosports verj\u00e4hren nach Ablauf von 12 Monaten seit ihrer Entstehung, es sei denn, sie basieren auf einer unerlaubten oder vors\u00e4tzlichen Handlung.<\/p>\n<p>8.5 Soweit die Haftung von Variosports ausgeschlossen ist, gilt dies auch f\u00fcr mit Variosports verbundene Unternehmen sowie f\u00fcr eine pers\u00f6nliche Haftung der Angestellten, Arbeitnehmer, Mitarbeiter, Vertreter, Gesellschafter und Erf\u00fcllungsgehilfen von Variosports und\/oder mit Variosports verbundenen Unternehmen.<\/p>\n<p>9. Marken und sonstige Schutzrechte von Variosports<\/p>\n<p>Sie erkennen an, dass s\u00e4mtliche Rechte am Angebot von Variosports und seiner Kennzeichnung einschlie\u00dflich etwaiger Marken-, Patent-, Urheber- oder Lizenzrechte oder sonstiger Rechte oder vergleichbarer Rechtspositionen im Verh\u00e4ltnis zu ihnen ausschlie\u00dflich Variosports zustehen und werden diese nicht ohne vorherige, ausdr\u00fccklich, schriftliche Zustimmung von Variosports nutzen oder Hinweise auf die Rechtsinhaberschaft von Variosports entfernen. Insbesondere d\u00fcrfen Sie nicht die Marke Variosports nutzen, Software kopieren, \u00e4ndern, zerlegen, keine Bearbeitung davon herstellen und auch nicht versuchen, den Quellcode ausfindig zu machen, keine Software verkaufen, abtreten, Unterlizenzen diesbez\u00fcglich vergeben oder irgendwelche Rechte an der Software \u00fcbertragen oder sich irgendwelcher Rechte ber\u00fchren.<\/p>\n<p>10. Anwendbares Recht, Erf\u00fcllungsort, Gerichtsstand<\/p>\n<p>10.1 Es gilt deutsches Recht unter Ausschluss des UN-Kaufrechts.<\/p>\n<p>10.2 Erf\u00fcllungsort und ausschlie\u00dflicher Gerichtsstand ist, soweit gesetzlich zul\u00e4ssig, K\u00f6ln, Deutschland<\/p>\n<p>10.3 M\u00fcndliche Nebenabreden bestehen nicht. \u00c4nderungen der Vertragsbedingungen bed\u00fcrfen der Textform. Dies gilt auch f\u00fcr die Aufhebung oder \u00c4nderung dieser Textformklausel.<\/p>\n<p>10.4 Sollten einzelne Vertragsbestimmungen ganz oder teilweise unwirksam sein oder werden, so bleibt der Vertrag im \u00dcbrigen wirksam. Im Falle einer solchen Unwirksamkeit werden die Vertragspartner eine der unwirksamen Regelung wirtschaftlich m\u00f6glichst nahe kommenden rechtswirksamen Ersatzregelung treffen. Das Gleiche gilt im Fall einer Regelungsl\u00fccke.<\/p>\n<\/div>\n","protected":false},"excerpt":{"rendered":"<p>Stand: 07.12.2015 1. Geltungsbereich, \u00c4nderungen der AGB 1.1 Das Angebot von variosling.de, f\u00fcr das Sie sich registrieren, ist ein Angebot der Variosports GmbH. Variosports stellt Ihnen sein Angebot auf Grundlage dieser Nutzungsbedingungen (AGB) zur Verf\u00fcgung. Diese Allgemeinen Gesch\u00e4ftsbedingungen werden auch dann Gegenstand des Vertrags, wenn die Nutzung oder der Zugriff auf den Variosling-Dienst au\u00dferhalb der [&hellip;]<\/p>\n","protected":false},"author":1,"featured_media":0,"parent":0,"menu_order":0,"comment_status":"closed","ping_status":"closed","template":"","meta":{"_et_pb_use_builder":"","_et_pb_old_content":"","_et_gb_content_width":"","footnotes":""},"class_list":["post-5024","page","type-page","status-publish","hentry"],"_links":{"self":[{"href":"https:\/\/variosling.de\/en\/wp-json\/wp\/v2\/pages\/5024","targetHints":{"allow":["GET"]}}],"collection":[{"href":"https:\/\/variosling.de\/en\/wp-json\/wp\/v2\/pages"}],"about":[{"href":"https:\/\/variosling.de\/en\/wp-json\/wp\/v2\/types\/page"}],"author":[{"embeddable":true,"href":"https:\/\/variosling.de\/en\/wp-json\/wp\/v2\/users\/1"}],"replies":[{"embeddable":true,"href":"https:\/\/variosling.de\/en\/wp-json\/wp\/v2\/comments?post=5024"}],"version-history":[{"count":0,"href":"https:\/\/variosling.de\/en\/wp-json\/wp\/v2\/pages\/5024\/revisions"}],"wp:attachment":[{"href":"https:\/\/variosling.de\/en\/wp-json\/wp\/v2\/media?parent=5024"}],"curies":[{"name":"wp","href":"https:\/\/api.w.org\/{rel}","templated":true}]}}