{"id":5022,"date":"2016-12-16T08:33:25","date_gmt":"2016-12-16T07:33:25","guid":{"rendered":"https:\/\/variosling.de\/?page_id=5022"},"modified":"2023-07-03T16:20:08","modified_gmt":"2023-07-03T14:20:08","slug":"sling-trainer-trainingsplan-ruecken-pdf","status":"publish","type":"page","link":"https:\/\/variosling.de\/en\/sling-trainer-trainingsplan-ruecken-pdf\/","title":{"rendered":"R\u00fcckenfitness: R\u00fcckentraining mit dem Sling-Trainer &#8211; 12 kostenlose PDF"},"content":{"rendered":"<p>[et_pb_section fb_built=&#8221;1&#8243; custom_padding_last_edited=&#8221;on|desktop&#8221; admin_label=&#8221;section&#8221; _builder_version=&#8221;3.22&#8243; background_image=&#8221;https:\/\/variosling.de\/wp-content\/uploads\/2016\/06\/Variosling-Training.jpg&#8221; custom_padding_tablet=&#8221;50px|0|50px|0&#8243; custom_padding_phone=&#8221;&#8221; transparent_background=&#8221;off&#8221; padding_mobile=&#8221;off&#8221; make_fullwidth=&#8221;off&#8221; use_custom_width=&#8221;off&#8221; width_unit=&#8221;off&#8221; global_colors_info=&#8221;{}&#8221;][et_pb_row padding_mobile=&#8221;off&#8221; column_padding_mobile=&#8221;on&#8221; admin_label=&#8221;row&#8221; _builder_version=&#8221;3.25&#8243; background_size=&#8221;initial&#8221; background_position=&#8221;top_left&#8221; background_repeat=&#8221;repeat&#8221; make_fullwidth=&#8221;off&#8221; use_custom_width=&#8221;off&#8221; width_unit=&#8221;off&#8221; custom_width_px=&#8221;1080px&#8221; custom_width_percent=&#8221;80%&#8221; global_colors_info=&#8221;{}&#8221;][et_pb_column type=&#8221;4_4&#8243; _builder_version=&#8221;3.25&#8243; custom_padding=&#8221;|||&#8221; global_colors_info=&#8221;{}&#8221; custom_padding__hover=&#8221;|||&#8221;][et_pb_text _builder_version=&#8221;4.4.4&#8243; background_color=&#8221;rgba(0,0,0,0.74)&#8221; background_size=&#8221;initial&#8221; background_position=&#8221;top_left&#8221; background_repeat=&#8221;repeat&#8221; text_orientation=&#8221;center&#8221; background_layout=&#8221;dark&#8221; max_width=&#8221;800px&#8221; module_alignment=&#8221;center&#8221; custom_padding=&#8221;30px|30px|30px|30px&#8221; z_index_tablet=&#8221;500&#8243; use_border_color=&#8221;off&#8221; global_colors_info=&#8221;{}&#8221;]<\/p>\n<h1>Sling-Trainer Trainingsplan R\u00fccken<\/h1>\n<p>Melde dich an um deinen Ganzk\u00f6rper Trainingsplan zur Steigerung deiner R\u00fcckenfitness zu erhalten. Die Trainingspl\u00e4ne wurden von dem renommierten Sportwissenschaftler Olaf Peters entwickelt und fortlaufend optimiert. Diese R\u00fccken\u00fcbungen sind auf ein 12 &#8211; Wochen Training ausgelegt und dienen vor allem zur St\u00e4rkung Deiner R\u00fcckenmuskulatur.<\/p>\n<p>Gerade im Bereich R\u00fcckenfitness wird der Schlingentrainer im Funktionalen Training und in der Reha durch Physiotherapeuten mit gro\u00dfem Erfolg eingesetzt. Sag auch Du den R\u00fcckenschmerzen den Kampf an und beginne jetzt dein R\u00fcckentrainingsprogramm!<\/p>\n<p>&nbsp;<\/p>\n<p>[\/et_pb_text][et_pb_text admin_label=&#8221;Bloom&#8221; _builder_version=&#8221;4.14.8&#8243; background_size=&#8221;initial&#8221; background_position=&#8221;top_left&#8221; background_repeat=&#8221;repeat&#8221; text_orientation=&#8221;center&#8221; max_width=&#8221;600px&#8221; module_alignment=&#8221;center&#8221; hover_enabled=&#8221;0&#8243; use_border_color=&#8221;off&#8221; border_style=&#8221;solid&#8221; global_colors_info=&#8221;{}&#8221; sticky_enabled=&#8221;0&#8243;]<\/p>\n<div class=\"dashboard_icons_container\">\n<div class=\"et_bloom_shortcode_message\">\n<div class=\"et_disabled_textarea\"><div class=\"et_bloom_inline_form et_bloom_optin et_bloom_make_form_visible et_bloom_optin_1\" style=\"display: none;\">\n\t\t\t\t<style type=\"text\/css\">.et_bloom .et_bloom_optin_1 .et_bloom_form_content { background-color: #dddddd !important; } .et_bloom .et_bloom_optin_1 .et_bloom_form_container .et_bloom_form_header { background-color: #ffffff !important; } .et_bloom .et_bloom_optin_1 .carrot_edge .et_bloom_form_content:before { border-top-color: #ffffff !important; } .et_bloom .et_bloom_optin_1 .carrot_edge.et_bloom_form_right .et_bloom_form_content:before, .et_bloom .et_bloom_optin_1 .carrot_edge.et_bloom_form_left .et_bloom_form_content:before { border-top-color: transparent !important; border-left-color: #ffffff !important; }\n\t\t\t\t\t\t@media only screen and ( max-width: 767px ) {.et_bloom .et_bloom_optin_1 .carrot_edge.et_bloom_form_right .et_bloom_form_content:before { border-top-color: #ffffff !important; border-left-color: transparent !important; }.et_bloom .et_bloom_optin_1 .carrot_edge.et_bloom_form_left .et_bloom_form_content:after { border-bottom-color: #ffffff !important; border-left-color: transparent !important; }\n\t\t\t\t\t\t}.et_bloom .et_bloom_optin_1 .et_bloom_form_content button { background-color: #81d742 !important; } .et_bloom .et_bloom_optin_1 .et_bloom_form_content .et_bloom_fields i { color: #81d742 !important; } .et_bloom .et_bloom_optin_1 .et_bloom_form_content .et_bloom_custom_field_radio i:before { background: #81d742 !important; } .et_bloom .et_bloom_optin_1 .et_bloom_form_content button { background-color: #81d742 !important; } .et_bloom .et_bloom_optin_1 .et_bloom_form_container h2, .et_bloom .et_bloom_optin_1 .et_bloom_form_container h2 span, .et_bloom .et_bloom_optin_1 .et_bloom_form_container h2 strong { font-family: \"Georgia\", Helvetica, Arial, Lucida, sans-serif; }.et_bloom .et_bloom_optin_1 .et_bloom_form_container p, .et_bloom .et_bloom_optin_1 .et_bloom_form_container p span, .et_bloom .et_bloom_optin_1 .et_bloom_form_container p strong, .et_bloom .et_bloom_optin_1 .et_bloom_form_container form input, .et_bloom .et_bloom_optin_1 .et_bloom_form_container form button span { font-family: \"Georgia\", Helvetica, Arial, Lucida, sans-serif; } <\/style>\n\t\t\t\t<div class=\"et_bloom_form_container  with_edge carrot_edge et_bloom_rounded et_bloom_form_text_dark et_bloom_form_bottom et_bloom_inline_1_field\">\n\t\t\t\t\t\n\t\t\t<div class=\"et_bloom_form_container_wrapper clearfix\">\n\t\t\t\t<div class=\"et_bloom_header_outer\">\n\t\t\t\t\t<div class=\"et_bloom_form_header et_bloom_header_text_dark\">\n\t\t\t\t\t\t<img decoding=\"async\" width=\"428\" height=\"175\" src=\"https:\/\/variosling.de\/wp-content\/uploads\/Rueckenuebungen-Workout-Plan-Mail.jpg\" class=\" et_bloom_image_slideup et_bloom_image\" alt=\"rueckenuebungen-workout-plan-mail-pdf\" srcset=\"https:\/\/variosling.de\/wp-content\/uploads\/Rueckenuebungen-Workout-Plan-Mail.jpg 428w, https:\/\/variosling.de\/wp-content\/uploads\/Rueckenuebungen-Workout-Plan-Mail-280x114.jpg 280w, https:\/\/variosling.de\/wp-content\/uploads\/Rueckenuebungen-Workout-Plan-Mail-400x164.jpg 400w, https:\/\/variosling.de\/wp-content\/uploads\/Rueckenuebungen-Workout-Plan-Mail-300x123.jpg 300w, https:\/\/variosling.de\/wp-content\/uploads\/Rueckenuebungen-Workout-Plan-Mail-239x98.jpg 239w, https:\/\/variosling.de\/wp-content\/uploads\/Rueckenuebungen-Workout-Plan-Mail-154x63.jpg 154w, https:\/\/variosling.de\/wp-content\/uploads\/Rueckenuebungen-Workout-Plan-Mail-218x89.jpg 218w, https:\/\/variosling.de\/wp-content\/uploads\/Rueckenuebungen-Workout-Plan-Mail-183x75.jpg 183w\" sizes=\"(max-width: 428px) 100vw, 428px\" \/>\n\t\t\t\t\t\t<div class=\"et_bloom_form_text\">\n\t\t\t\t\t\t<h2><strong>Melde Dich jetzt zum Workout an.<\/strong><\/h2><p><strong>Sling-Trainer R\u00fcckenfitness<\/strong><\/p>\n\t\t\t\t\t<\/div>\n\t\t\t\t\t\t\n\t\t\t\t\t<\/div>\n\t\t\t\t<\/div>\n\t\t\t\t<div class=\"et_bloom_form_content et_bloom_1_field et_bloom_bottom_inline\">\n\t\t\t\t\t\n\t\t\t\t\t\n\t\t\t\t\t<form method=\"post\" class=\"clearfix\">\n\t\t\t\t\t\t<div class=\"et_bloom_fields\">\n\t\t\t\t\t\t\t\n\t\t\t\t\t\t\t<p class=\"et_bloom_popup_input et_bloom_subscribe_email\">\n\t\t\t\t\t\t\t\t<input placeholder=\"Email\">\n\t\t\t\t\t\t\t<\/p>\n\t\t\t\t\t\t\t\n\t\t\t\t\t\t\t<button data-optin_id=\"optin_1\" data-service=\"sendinblue\" data-list_id=\"12\" data-page_id=\"5022\" data-account=\"Variosling-ADNSG-API-2\" data-ip_address=\"true\" class=\"et_bloom_submit_subscription\">\n\t\t\t\t\t\t\t\t<span class=\"et_bloom_subscribe_loader\"><\/span>\n\t\t\t\t\t\t\t\t<span class=\"et_bloom_button_text et_bloom_button_text_color_dark\">Anmelden!<\/span>\n\t\t\t\t\t\t\t<\/button>\n\t\t\t\t\t\t<\/div>\n\t\t\t\t\t<\/form>\n\t\t\t\t\t<div class=\"et_bloom_success_container\">\n\t\t\t\t\t\t<span class=\"et_bloom_success_checkmark\"><\/span>\n\t\t\t\t\t<\/div>\n\t\t\t\t\t<h2 class=\"et_bloom_success_message\">Bitte schau nun in deinem EMail-Postfach (auch im SPAM-Ordner) nach und Best\u00e4tige den Bezug dieser EMail-Serie! <\/h2>\n\t\t\t\t\t<div class=\"et_bloom_form_footer\"><p>Mit der Anmeldung zu dieser EMailserie, stimme ich den Datenschutzbestimmungen zu (https:\/\/variosling.de\/datenschutz) zu. Eine Weitergabe von personenbezogenen Daten an Dritte f\u00fcr Zwecke von Werbung, Markt- oder Meinungsforschung findet nicht statt.<\/p><\/div>\n\t\t\t\t<\/div>\n\t\t\t<\/div>\n\t\t\t<span class=\"et_bloom_close_button\"><\/span>\n\t\t\t\t<\/div>\n\t\t\t<\/div><\/div>\n<\/div>\n<\/div>\n<p>[\/et_pb_text][\/et_pb_column][\/et_pb_row][\/et_pb_section]<\/p>\n","protected":false},"excerpt":{"rendered":"<p>Sling-Trainer Trainingsplan R\u00fccken Melde dich an um deinen Ganzk\u00f6rper Trainingsplan zur Steigerung deiner R\u00fcckenfitness zu erhalten. Die Trainingspl\u00e4ne wurden von dem renommierten Sportwissenschaftler Olaf Peters entwickelt und fortlaufend optimiert. Diese R\u00fccken\u00fcbungen sind auf ein 12 &#8211; Wochen Training ausgelegt und dienen vor allem zur St\u00e4rkung Deiner R\u00fcckenmuskulatur. Gerade im Bereich R\u00fcckenfitness wird der Schlingentrainer im [&hellip;]<\/p>\n","protected":false},"author":1,"featured_media":0,"parent":0,"menu_order":0,"comment_status":"closed","ping_status":"closed","template":"","meta":{"_et_pb_use_builder":"on","_et_pb_old_content":"","_et_gb_content_width":"","footnotes":""},"class_list":["post-5022","page","type-page","status-publish","hentry"],"_links":{"self":[{"href":"https:\/\/variosling.de\/en\/wp-json\/wp\/v2\/pages\/5022","targetHints":{"allow":["GET"]}}],"collection":[{"href":"https:\/\/variosling.de\/en\/wp-json\/wp\/v2\/pages"}],"about":[{"href":"https:\/\/variosling.de\/en\/wp-json\/wp\/v2\/types\/page"}],"author":[{"embeddable":true,"href":"https:\/\/variosling.de\/en\/wp-json\/wp\/v2\/users\/1"}],"replies":[{"embeddable":true,"href":"https:\/\/variosling.de\/en\/wp-json\/wp\/v2\/comments?post=5022"}],"version-history":[{"count":1,"href":"https:\/\/variosling.de\/en\/wp-json\/wp\/v2\/pages\/5022\/revisions"}],"predecessor-version":[{"id":16816,"href":"https:\/\/variosling.de\/en\/wp-json\/wp\/v2\/pages\/5022\/revisions\/16816"}],"wp:attachment":[{"href":"https:\/\/variosling.de\/en\/wp-json\/wp\/v2\/media?parent=5022"}],"curies":[{"name":"wp","href":"https:\/\/api.w.org\/{rel}","templated":true}]}}