{"id":3846,"date":"2016-08-04T11:20:13","date_gmt":"2016-08-04T11:20:13","guid":{"rendered":"https:\/\/variosling.de\/?page_id=3846"},"modified":"2018-10-25T14:07:25","modified_gmt":"2018-10-25T12:07:25","slug":"schlingentrainer","status":"publish","type":"page","link":"https:\/\/variosling.de\/en\/schlingentrainer\/","title":{"rendered":"Schlingentrainer"},"content":{"rendered":"<p>[et_pb_section fb_built=&#8221;1&#8243; admin_label=&#8221;section&#8221; _builder_version=&#8221;3.0.47&#8243;][et_pb_row admin_label=&#8221;row&#8221; _builder_version=&#8221;3.0.47&#8243; background_size=&#8221;initial&#8221; background_position=&#8221;top_left&#8221; background_repeat=&#8221;repeat&#8221;][et_pb_column type=&#8221;4_4&#8243; _builder_version=&#8221;3.0.47&#8243; parallax=&#8221;off&#8221; parallax_method=&#8221;on&#8221;][et_pb_text admin_label=&#8221;Der Schlingentrainer erlaubt eine freie Bewegung&#8221; _builder_version=&#8221;3.0.98&#8243; background_size=&#8221;initial&#8221; background_position=&#8221;top_left&#8221; background_repeat=&#8221;repeat&#8221; module_alignment=&#8221;center&#8221;]<\/p>\n<div id=\"attachment_10420\" style=\"max-width: 460px;\" class=\"wp-caption alignright\">\n<p><img decoding=\"async\" class=\"wp-image-10420 size-medium\" style=\"float: right;\" src=\"..\/wp-content\/uploads\/Sling-Training-Frau-450x300.jpg\" alt=\"Schlingentrainer\" srcset=\"https:\/\/variosling.de\/wp-content\/uploads\/Sling-Training-Frau-450x300.jpg 450w, https:\/\/variosling.de\/wp-content\/uploads\/Sling-Training-Frau-280x187.jpg 280w, https:\/\/variosling.de\/wp-content\/uploads\/Sling-Training-Frau-768x512.jpg 768w, https:\/\/variosling.de\/wp-content\/uploads\/Sling-Training-Frau-1600x1067.jpg 1600w, https:\/\/variosling.de\/wp-content\/uploads\/Sling-Training-Frau-510x340.jpg 510w, https:\/\/variosling.de\/wp-content\/uploads\/Sling-Training-Frau-610x407.jpg 610w, https:\/\/variosling.de\/wp-content\/uploads\/Sling-Training-Frau-400x267.jpg 400w, https:\/\/variosling.de\/wp-content\/uploads\/Sling-Training-Frau-1013x675.jpg 1013w, https:\/\/variosling.de\/wp-content\/uploads\/Sling-Training-Frau-1080x720.jpg 1080w, https:\/\/variosling.de\/wp-content\/uploads\/Sling-Training-Frau-300x200.jpg 300w, https:\/\/variosling.de\/wp-content\/uploads\/Sling-Training-Frau-239x159.jpg 239w, https:\/\/variosling.de\/wp-content\/uploads\/Sling-Training-Frau-275x183.jpg 275w, https:\/\/variosling.de\/wp-content\/uploads\/Sling-Training-Frau-154x103.jpg 154w, https:\/\/variosling.de\/wp-content\/uploads\/Sling-Training-Frau-218x145.jpg 218w, https:\/\/variosling.de\/wp-content\/uploads\/Sling-Training-Frau-113x75.jpg 113w\" sizes=\"(max-width: 450px) 100vw, 450px\" width=\"450\" height=\"300\" \/><\/p>\n<p class=\"wp-caption-text\">Einweisung in die Nutzug des Schlingentrainers<\/p>\n<\/div>\n<p><span class=\"et_bloom_bottom_trigger\"><\/span><\/p>\n<h1>Schlingentrainer<\/h1>\n<h2>Variosling\u00ae die Marke f\u00fcr Schlingentrainer<\/h2>\n<p style=\"text-align: left;\">Der <strong>Schlingentrainer<\/strong><a href=\"#Schlingentrainer_kaufen\"><strong><\/strong><\/a> von <strong>Variosling\u00ae<\/strong> erlaubt eine freie Bewegung des K\u00f6rpers im Raum. Dies erm\u00f6glicht eine Vielzahl an \u00dcbungen und \u00dcbungsvariationen. Auf der einen Seite kommen sowohl Anf\u00e4nger als auch Leistungssportler auf Ihre Kosten, auf der anderen Seite bedarf es vor allem f\u00fcr Einsteiger einer <strong>Einweisung in die Nutzug des Schlingentrainers<\/strong>. Lesen Sie sich in jedem Fall die dem\u00a0<strong>Variosling\u00ae<\/strong> beigelegten Nutzungshinweise aufmerksam durch.<\/p>\n<p style=\"text-align: left;\">Wenn Sie mehr zum Schlingentraining und der Wirkungsweise erfahren m\u00f6chten bietet sich ein Schlingentrainer Workshop an. Unsere Mastertrainer freuen sich Ihnen das Training mit der Schlinge n\u00e4her zu bringen. Trainer k\u00f6nnen an einer B-Lizenz Ausbildung teilnehmen und sich im Anschluss als zertifizierte Slingfitness Trainer ausweisen.<\/p>\n<p>F\u00fcr alle die jetzt schon trainieren wollen: <a href=\"#Schlingentrainer_\u00dcbungen\">Schlingentrainer \u00dcbungen<\/a><\/p>\n<p>[\/et_pb_text][\/et_pb_column][\/et_pb_row][et_pb_row _builder_version=&#8221;3.0.98&#8243;][et_pb_column type=&#8221;1_2&#8243; _builder_version=&#8221;3.0.98&#8243; parallax=&#8221;off&#8221; parallax_method=&#8221;on&#8221;][et_pb_text disabled_on=&#8221;on|off|off&#8221; admin_label=&#8221;Ziele mit dem Schlingentrainer:&#8221; _builder_version=&#8221;3.0.98&#8243;]<\/p>\n<h2 style=\"text-align: left;\">Ziele mit dem Schlingentrainer:<\/h2>\n<ul style=\"text-align: left;\">\n<li>Schutz vor Verletzungen<\/li>\n<li>Haltungsverbesserungen<\/li>\n<li>besserer Koordination, Balance<\/li>\n<li>besseren Bewegungsabl\u00e4ufen<\/li>\n<li>mehr Beweglichkeit<\/li>\n<li>funktionalem Muskelaufbau<\/li>\n<li>Fettreduktion<\/li>\n<li>K\u00f6rperstraffung<\/li>\n<\/ul>\n<p>[\/et_pb_text][\/et_pb_column][et_pb_column type=&#8221;1_2&#8243; _builder_version=&#8221;3.0.98&#8243; parallax=&#8221;off&#8221; parallax_method=&#8221;on&#8221;][et_pb_text admin_label=&#8221;Inhaltsanagabe&#8221; _builder_version=&#8221;3.0.98&#8243;]<\/p>\n<h2 style=\"text-align: left;\">Inhaltsangabe:<\/h2>\n<ul style=\"text-align: left;\">\n<li><a href=\"#Schlingentrainer_kaufen\">Schlingentrainer kaufen<\/a><\/li>\n<li><a href=\"#Schlingentrainer_Blog\">Schlingentrainer Blog\/News<\/a><\/li>\n<li><a href=\"#Schlingentrainer_\u00dcbungen\">Schlingentrainer \u00dcbungen<\/a><\/li>\n<\/ul>\n<p>[\/et_pb_text][\/et_pb_column][\/et_pb_row][et_pb_row admin_label=&#8221;row&#8221; _builder_version=&#8221;3.0.47&#8243; background_size=&#8221;initial&#8221; background_position=&#8221;top_left&#8221; background_repeat=&#8221;repeat&#8221;][et_pb_column type=&#8221;4_4&#8243; _builder_version=&#8221;3.0.47&#8243; parallax=&#8221;off&#8221; parallax_method=&#8221;on&#8221;][et_pb_text module_id=&#8221;Schlingentrainer_kaufen&#8221; _builder_version=&#8221;3.0.98&#8243;]<\/p>\n<h2>Schlingentrainer im online Shop<\/h2>\n<p>[\/et_pb_text][\/et_pb_column][\/et_pb_row][et_pb_row admin_label=&#8221;row&#8221; _builder_version=&#8221;3.0.47&#8243; background_size=&#8221;initial&#8221; background_position=&#8221;top_left&#8221; background_repeat=&#8221;repeat&#8221;][et_pb_column type=&#8221;3_4&#8243; _builder_version=&#8221;3.0.47&#8243; parallax=&#8221;off&#8221; parallax_method=&#8221;on&#8221;][et_pb_shop type=&#8221;product_category&#8221; include_categories=&#8221;1621&#8243; _builder_version=&#8221;3.0.95&#8243;]\u00a0<br \/>\n[\/et_pb_shop][\/et_pb_column][et_pb_column type=&#8221;1_4&#8243; _builder_version=&#8221;3.0.47&#8243; parallax=&#8221;off&#8221; parallax_method=&#8221;on&#8221;][et_pb_sidebar area=&#8221;shop-sidebar&#8221; _builder_version=&#8221;3.0.98&#8243; header_font=&#8221;||||||||&#8221; custom_css_main_element=&#8221;list-style-type: none;&#8221;][\/et_pb_sidebar][\/et_pb_column][\/et_pb_row][\/et_pb_section][et_pb_section fb_built=&#8221;1&#8243; _builder_version=&#8221;3.0.98&#8243;][et_pb_row _builder_version=&#8221;3.0.98&#8243;][et_pb_column type=&#8221;4_4&#8243; _builder_version=&#8221;3.0.98&#8243; parallax=&#8221;off&#8221; parallax_method=&#8221;on&#8221;][et_pb_text admin_label=&#8221;Schlingentrainer_Blog&#8221; module_id=&#8221;Schlingentrainer_Blog&#8221; _builder_version=&#8221;3.0.98&#8243; text_font=&#8221;||||||||&#8221; text_orientation=&#8221;center&#8221;]<\/p>\n<h2>Schlingentrainer Blog<\/h2>\n<p>[\/et_pb_text][et_pb_blog fullwidth=&#8221;off&#8221; posts_number=&#8221;10&#8243; include_categories=&#8221;512&#8243; show_author=&#8221;off&#8221; show_pagination=&#8221;off&#8221; offset_number=&#8221;3&#8243; _builder_version=&#8221;3.0.98&#8243; header_font=&#8221;||||||||&#8221;][\/et_pb_blog][\/et_pb_column][\/et_pb_row][et_pb_row _builder_version=&#8221;3.0.98&#8243;][et_pb_column type=&#8221;4_4&#8243; _builder_version=&#8221;3.0.98&#8243; parallax=&#8221;off&#8221; parallax_method=&#8221;on&#8221;][et_pb_text admin_label=&#8221;Schlingentrainer_\u00dcbungen&#8221; module_id=&#8221;Schlingentrainer_\u00dcbungen&#8221; _builder_version=&#8221;3.0.98&#8243; text_font=&#8221;||||||||&#8221; text_orientation=&#8221;center&#8221;]<\/p>\n<h2>Schlingentrainer \u00dcbungen<\/h2>\n<p>[\/et_pb_text][et_pb_blog fullwidth=&#8221;off&#8221; posts_number=&#8221;10&#8243; include_categories=&#8221;465,464,490,463,461,459,462,460&#8243; show_author=&#8221;off&#8221; show_date=&#8221;off&#8221; show_pagination=&#8221;off&#8221; offset_number=&#8221;0&#8243; _builder_version=&#8221;3.0.98&#8243; header_font=&#8221;||||||||&#8221;][\/et_pb_blog][\/et_pb_column][\/et_pb_row][\/et_pb_section]<\/p>\n","protected":false},"excerpt":{"rendered":"<p>Einweisung in die Nutzug des Schlingentrainers Schlingentrainer Variosling\u00ae die Marke f\u00fcr Schlingentrainer Der Schlingentrainer von Variosling\u00ae erlaubt eine freie Bewegung des K\u00f6rpers im Raum. Dies erm\u00f6glicht eine Vielzahl an \u00dcbungen und \u00dcbungsvariationen. Auf der einen Seite kommen sowohl Anf\u00e4nger als auch Leistungssportler auf Ihre Kosten, auf der anderen Seite bedarf es vor allem f\u00fcr Einsteiger [&hellip;]<\/p>\n","protected":false},"author":1,"featured_media":0,"parent":0,"menu_order":0,"comment_status":"closed","ping_status":"closed","template":"","meta":{"_et_pb_use_builder":"on","_et_pb_old_content":"","_et_gb_content_width":"","footnotes":""},"class_list":["post-3846","page","type-page","status-publish","hentry"],"_links":{"self":[{"href":"https:\/\/variosling.de\/en\/wp-json\/wp\/v2\/pages\/3846","targetHints":{"allow":["GET"]}}],"collection":[{"href":"https:\/\/variosling.de\/en\/wp-json\/wp\/v2\/pages"}],"about":[{"href":"https:\/\/variosling.de\/en\/wp-json\/wp\/v2\/types\/page"}],"author":[{"embeddable":true,"href":"https:\/\/variosling.de\/en\/wp-json\/wp\/v2\/users\/1"}],"replies":[{"embeddable":true,"href":"https:\/\/variosling.de\/en\/wp-json\/wp\/v2\/comments?post=3846"}],"version-history":[{"count":0,"href":"https:\/\/variosling.de\/en\/wp-json\/wp\/v2\/pages\/3846\/revisions"}],"wp:attachment":[{"href":"https:\/\/variosling.de\/en\/wp-json\/wp\/v2\/media?parent=3846"}],"curies":[{"name":"wp","href":"https:\/\/api.w.org\/{rel}","templated":true}]}}