{"id":15317,"date":"2021-07-10T18:29:23","date_gmt":"2021-07-10T16:29:23","guid":{"rendered":"https:\/\/variosling.de\/?page_id=15317"},"modified":"2021-07-14T12:16:50","modified_gmt":"2021-07-14T10:16:50","slug":"sling-trainer-videos-uebersicht","status":"publish","type":"page","link":"https:\/\/variosling.de\/en\/sling-trainer-videos-uebersicht\/","title":{"rendered":"Sling Trainer Videos \u00dcbersicht"},"content":{"rendered":"<p>[et_pb_section fb_built=&#8221;1&#8243; _builder_version=&#8221;3.22&#8243;][et_pb_row _builder_version=&#8221;4.9.7&#8243; _module_preset=&#8221;default&#8221;][et_pb_column type=&#8221;4_4&#8243; _builder_version=&#8221;4.9.7&#8243; _module_preset=&#8221;default&#8221;][et_pb_blurb title=&#8221;\u00dcbersicht der Variosling Training DVD\u00b4s &#8221; _builder_version=&#8221;4.9.7&#8243; _module_preset=&#8221;default&#8221; header_level=&#8221;h1&#8243; text_orientation=&#8221;center&#8221;]<\/p>\n<p><strong>Was k\u00f6nnen diese DVD\u00b4s?<\/strong> Die \u00dcbungen sollen eine gute Hilfestellung f\u00fcr eine saubere \u00dcbungsausf\u00fchrung bieten. Versuche m\u00f6glichst viele Details zu beachten und die \u00dcbung genau nach Anleitung durchzuf\u00fchren. Nur durch die pr\u00e4zise \u00dcbungsausf\u00fchrung wirst du den Zielmuskel ansprechen k\u00f6nnen.<\/p>\n<p><strong>Was k\u00f6nnen diese DVD\u00b4s nicht?<\/strong> Unsere DVD\u00b4s sind keine Workouts. Workouts sehen auf den ersten Blick attraktiver aus, dass ist uns bewusst. Wir glauben jedoch, dass man die \u00dcbungen erst richtig beherrschen sollte, bevor man in ein komplettes Workout einsteigt. Die Workout kannst du dann als PDF jede Woche zugesandt bekommen. <a href=\"https:\/\/variosling.de\/sling-trainer-trainingsplan-pdf\/\">Hier kannst Du dich anmelden.\u00a0<\/a><\/p>\n<p>[\/et_pb_blurb][\/et_pb_column][\/et_pb_row][et_pb_row _builder_version=&#8221;3.25&#8243; background_size=&#8221;initial&#8221; background_position=&#8221;top_left&#8221; background_repeat=&#8221;repeat&#8221;][et_pb_column type=&#8221;4_4&#8243; _builder_version=&#8221;3.0.47&#8243; custom_padding=&#8221;|||&#8221; custom_padding__hover=&#8221;|||&#8221;][et_pb_blog include_categories=&#8221;5473&#8243; show_thumbnail=&#8221;off&#8221; show_author=&#8221;off&#8221; show_date=&#8221;off&#8221; show_categories=&#8221;off&#8221; _builder_version=&#8221;4.9.7&#8243; _module_preset=&#8221;default&#8221;][\/et_pb_blog][et_pb_blog include_categories=&#8221;5474&#8243; show_thumbnail=&#8221;off&#8221; show_author=&#8221;off&#8221; show_date=&#8221;off&#8221; show_categories=&#8221;off&#8221; _builder_version=&#8221;4.9.7&#8243; _module_preset=&#8221;default&#8221;][\/et_pb_blog][et_pb_blog include_categories=&#8221;5475&#8243; use_manual_excerpt=&#8221;off&#8221; show_author=&#8221;off&#8221; show_date=&#8221;off&#8221; show_categories=&#8221;off&#8221; show_pagination=&#8221;off&#8221; _builder_version=&#8221;4.9.7&#8243; _module_preset=&#8221;default&#8221;][\/et_pb_blog][et_pb_blog include_categories=&#8221;5476&#8243; show_thumbnail=&#8221;off&#8221; show_author=&#8221;off&#8221; show_date=&#8221;off&#8221; show_categories=&#8221;off&#8221; _builder_version=&#8221;4.9.7&#8243; _module_preset=&#8221;default&#8221;][\/et_pb_blog][et_pb_blog include_categories=&#8221;5477&#8243; show_thumbnail=&#8221;off&#8221; show_author=&#8221;off&#8221; show_date=&#8221;off&#8221; show_categories=&#8221;off&#8221; _builder_version=&#8221;4.9.7&#8243; _module_preset=&#8221;default&#8221;][\/et_pb_blog][et_pb_blog include_categories=&#8221;5478&#8243; show_thumbnail=&#8221;off&#8221; show_author=&#8221;off&#8221; show_date=&#8221;off&#8221; show_categories=&#8221;off&#8221; _builder_version=&#8221;4.9.7&#8243; _module_preset=&#8221;default&#8221;][\/et_pb_blog][\/et_pb_column][\/et_pb_row][\/et_pb_section]<\/p>\n","protected":false},"excerpt":{"rendered":"<p>Was k\u00f6nnen diese DVD\u00b4s? Die \u00dcbungen sollen eine gute Hilfestellung f\u00fcr eine saubere \u00dcbungsausf\u00fchrung bieten. Versuche m\u00f6glichst viele Details zu beachten und die \u00dcbung genau nach Anleitung durchzuf\u00fchren. Nur durch die pr\u00e4zise \u00dcbungsausf\u00fchrung wirst du den Zielmuskel ansprechen k\u00f6nnen. Was k\u00f6nnen diese DVD\u00b4s nicht? Unsere DVD\u00b4s sind keine Workouts. Workouts sehen auf den ersten Blick [&hellip;]<\/p>\n","protected":false},"author":3,"featured_media":0,"parent":0,"menu_order":0,"comment_status":"closed","ping_status":"closed","template":"","meta":{"_et_pb_use_builder":"on","_et_pb_old_content":"<p>[et_pb_section bb_built=\"1\" inner_width=\"90%\" inner_max_width=\"1400px\"][et_pb_row][et_pb_column type=\"4_4\" custom_padding__hover=\"|||\" custom_padding=\"|||\"][et_pb_code _builder_version=\"4.9.7\" box_shadow_horizontal_tablet=\"0px\" box_shadow_vertical_tablet=\"0px\" box_shadow_blur_tablet=\"40px\" box_shadow_spread_tablet=\"0px\" vertical_offset_tablet=\"0\" horizontal_offset_tablet=\"0\" z_index_tablet=\"0\"][origincode_videogallery id=\"3\"][\/et_pb_code][\/et_pb_column][\/et_pb_row]<\/p>","_et_gb_content_width":"","footnotes":""},"class_list":["post-15317","page","type-page","status-publish","hentry"],"_links":{"self":[{"href":"https:\/\/variosling.de\/en\/wp-json\/wp\/v2\/pages\/15317","targetHints":{"allow":["GET"]}}],"collection":[{"href":"https:\/\/variosling.de\/en\/wp-json\/wp\/v2\/pages"}],"about":[{"href":"https:\/\/variosling.de\/en\/wp-json\/wp\/v2\/types\/page"}],"author":[{"embeddable":true,"href":"https:\/\/variosling.de\/en\/wp-json\/wp\/v2\/users\/3"}],"replies":[{"embeddable":true,"href":"https:\/\/variosling.de\/en\/wp-json\/wp\/v2\/comments?post=15317"}],"version-history":[{"count":26,"href":"https:\/\/variosling.de\/en\/wp-json\/wp\/v2\/pages\/15317\/revisions"}],"predecessor-version":[{"id":15589,"href":"https:\/\/variosling.de\/en\/wp-json\/wp\/v2\/pages\/15317\/revisions\/15589"}],"wp:attachment":[{"href":"https:\/\/variosling.de\/en\/wp-json\/wp\/v2\/media?parent=15317"}],"curies":[{"name":"wp","href":"https:\/\/api.w.org\/{rel}","templated":true}]}}