{"id":14669,"date":"2020-09-28T10:39:29","date_gmt":"2020-09-28T08:39:29","guid":{"rendered":"https:\/\/variosling.de\/?page_id=14669"},"modified":"2020-09-28T10:39:37","modified_gmt":"2020-09-28T08:39:37","slug":"willkommen-bei-deinem-12-wochen-variosling-trainingsplan-leicht","status":"publish","type":"page","link":"https:\/\/variosling.de\/en\/willkommen-bei-deinem-12-wochen-variosling-trainingsplan-leicht\/","title":{"rendered":"Willkommen bei deinem 12 Wochen Variosling Trainingsplan Leicht"},"content":{"rendered":"\n<p class=\"has-text-align-center\">Deine Anmeldung zu unserem 12 Wochen Variosling Trainingsplan f\u00fcr Anf\u00e4nger ist nun best\u00e4tigt!<\/p>\n\n\n\n<p class=\"has-text-align-center\">Toll das du dabei bist!<\/p>\n\n\n\n<p class=\"has-text-align-center\">Als n\u00e4chstes erh\u00e4lst du eine EMail mit dem ersten Teil des Variosling Trainingsplans f\u00fcr Anf\u00e4nger!<\/p>\n\n\n\n<p class=\"has-text-align-center\">Dann folgt alle sieben Tage eine weitere, bis das gro\u00dfe Ziel von zw\u00f6lf Teilen erreicht ist!<\/p>\n\n\n\n<p class=\"has-text-align-center\">Viel Erfolg&#8230;<\/p>\n","protected":false},"excerpt":{"rendered":"<p>Deine Anmeldung zu unserem 12 Wochen Variosling Trainingsplan f\u00fcr Anf\u00e4nger ist nun best\u00e4tigt! Toll das du dabei bist! Als n\u00e4chstes erh\u00e4lst du eine EMail mit dem ersten Teil des Variosling Trainingsplans f\u00fcr Anf\u00e4nger! Dann folgt alle sieben Tage eine weitere, bis das gro\u00dfe Ziel von zw\u00f6lf Teilen erreicht ist! Viel Erfolg&#8230;<\/p>\n","protected":false},"author":1730,"featured_media":0,"parent":0,"menu_order":0,"comment_status":"closed","ping_status":"closed","template":"","meta":{"_et_pb_use_builder":"","_et_pb_old_content":"","_et_gb_content_width":"","footnotes":""},"class_list":["post-14669","page","type-page","status-publish","hentry"],"_links":{"self":[{"href":"https:\/\/variosling.de\/en\/wp-json\/wp\/v2\/pages\/14669","targetHints":{"allow":["GET"]}}],"collection":[{"href":"https:\/\/variosling.de\/en\/wp-json\/wp\/v2\/pages"}],"about":[{"href":"https:\/\/variosling.de\/en\/wp-json\/wp\/v2\/types\/page"}],"author":[{"embeddable":true,"href":"https:\/\/variosling.de\/en\/wp-json\/wp\/v2\/users\/1730"}],"replies":[{"embeddable":true,"href":"https:\/\/variosling.de\/en\/wp-json\/wp\/v2\/comments?post=14669"}],"version-history":[{"count":1,"href":"https:\/\/variosling.de\/en\/wp-json\/wp\/v2\/pages\/14669\/revisions"}],"predecessor-version":[{"id":14670,"href":"https:\/\/variosling.de\/en\/wp-json\/wp\/v2\/pages\/14669\/revisions\/14670"}],"wp:attachment":[{"href":"https:\/\/variosling.de\/en\/wp-json\/wp\/v2\/media?parent=14669"}],"curies":[{"name":"wp","href":"https:\/\/api.w.org\/{rel}","templated":true}]}}