{"id":10292,"date":"2017-09-12T13:57:35","date_gmt":"2017-09-12T11:57:35","guid":{"rendered":"https:\/\/variosling.de\/?page_id=10292"},"modified":"2018-10-25T14:08:04","modified_gmt":"2018-10-25T12:08:04","slug":"studentenrabatt","status":"publish","type":"page","link":"https:\/\/variosling.de\/en\/studentenrabatt\/","title":{"rendered":"Studentenrabatt"},"content":{"rendered":"<p>[et_pb_section bb_built=&#8221;1&#8243; _builder_version=&#8221;3.0.72&#8243;][et_pb_row _builder_version=&#8221;3.0.72&#8243; background_repeat_1=&#8221;no-repeat&#8221; use_custom_width=&#8221;on&#8221;][et_pb_column type=&#8221;4_4&#8243;][et_pb_text admin_label=&#8221;Titel&#8221; _builder_version=&#8221;3.0.72&#8243; background_layout=&#8221;light&#8221; text_orientation=&#8221;center&#8221; border_style=&#8221;solid&#8221;]<\/p>\n<h1>20% Studentenrabatt auf Variosling! Nur bis zum 30.09.2017<\/h1>\n<p>[\/et_pb_text][\/et_pb_column][\/et_pb_row][et_pb_row _builder_version=&#8221;3.0.72&#8243; background_repeat_1=&#8221;no-repeat&#8221; background_repeat_2=&#8221;no-repeat&#8221; use_custom_width=&#8221;on&#8221;][et_pb_column type=&#8221;1_2&#8243;][et_pb_image _builder_version=&#8221;3.0.72&#8243; src=&#8221;https:\/\/i.ytimg.com\/vi\/pZ84SrtHYoc\/maxresdefault.jpg&#8221; show_in_lightbox=&#8221;off&#8221; url_new_window=&#8221;off&#8221; use_overlay=&#8221;off&#8221; sticky=&#8221;off&#8221; align=&#8221;left&#8221; always_center_on_mobile=&#8221;on&#8221; border_style=&#8221;solid&#8221; force_fullwidth=&#8221;off&#8221; \/][\/et_pb_column][et_pb_column type=&#8221;1_2&#8243;][et_pb_text _builder_version=&#8221;3.0.72&#8243; background_layout=&#8221;light&#8221; text_orientation=&#8221;left&#8221; border_style=&#8221;solid&#8221;]<\/p>\n<h3>Sonderangebot Sling Trainer + Online Training mit 200+ \u00dcbungen und 60+ Videos<\/h3>\n<ul>\n<li>Den ganzen K\u00f6rper intensiv trainieren mit nahezu unbegrenzten M\u00f6glichkeiten<\/li>\n<li>Der Sling Trainer von Variosling\u00ae wird in Deutschland hergestellt<\/li>\n<li>All incl. T\u00fcranker, DVD, Poster und Online Training<\/li>\n<li>Workout Programme 1x Woche per Email und Support durch Sling Trainings Experten per Telefon<\/li>\n<li>\u00a0No Risk Kauf! 30 Tage R\u00fcckgaberecht bei nicht gefallen<\/li>\n<\/ul>\n<p>[\/et_pb_text][\/et_pb_column][\/et_pb_row][et_pb_row _builder_version=&#8221;3.0.72&#8243; background_repeat_1=&#8221;no-repeat&#8221; background_repeat_2=&#8221;no-repeat&#8221; background_repeat_3=&#8221;no-repeat&#8221; use_custom_width=&#8221;on&#8221;][et_pb_column type=&#8221;1_3&#8243;][et_pb_toggle _builder_version=&#8221;3.0.72&#8243; title=&#8221;Rabattcode anzeigen&#8221; open=&#8221;off&#8221; icon_color=&#8221;#7cda24&#8243; border_style=&#8221;solid&#8221;]<\/p>\n<p>StRa20<\/p>\n<p>[\/et_pb_toggle][\/et_pb_column][et_pb_column type=&#8221;1_3&#8243;][et_pb_button admin_label=&#8221;Zum Warenkorb&#8221; _builder_version=&#8221;3.0.72&#8243; button_text=&#8221;Mehr erfahren&#8221; url_new_window=&#8221;off&#8221; button_alignment=&#8221;center&#8221; background_layout=&#8221;dark&#8221; custom_button=&#8221;on&#8221; button_border_width=&#8221;0&#8243; button_letter_spacing=&#8221;0&#8243; button_icon_placement=&#8221;right&#8221; button_letter_spacing_hover=&#8221;0&#8243; button_text_color=&#8221;#ffffff&#8221; button_bg_color=&#8221;#7cda24&#8243; button_url=&#8221;https:\/\/variosling.de\/produkt-kategorie\/sling-trainer-mit-trainings-mitgliedschaft\/&#8221; \/][\/et_pb_column][et_pb_column type=&#8221;1_3&#8243;][\/et_pb_column][\/et_pb_row][\/et_pb_section]<\/p>\n","protected":false},"excerpt":{"rendered":"<p>20% Studentenrabatt auf Variosling! Nur bis zum 30.09.2017 Sonderangebot Sling Trainer + Online Training mit 200+ \u00dcbungen und 60+ Videos Den ganzen K\u00f6rper intensiv trainieren mit nahezu unbegrenzten M\u00f6glichkeiten Der Sling Trainer von Variosling\u00ae wird in Deutschland hergestellt All incl. T\u00fcranker, DVD, Poster und Online Training Workout Programme 1x Woche per Email und Support durch [&hellip;]<\/p>\n","protected":false},"author":31,"featured_media":0,"parent":0,"menu_order":0,"comment_status":"closed","ping_status":"closed","template":"","meta":{"_et_pb_use_builder":"on","_et_pb_old_content":"","_et_gb_content_width":"","footnotes":""},"class_list":["post-10292","page","type-page","status-publish","hentry"],"_links":{"self":[{"href":"https:\/\/variosling.de\/en\/wp-json\/wp\/v2\/pages\/10292","targetHints":{"allow":["GET"]}}],"collection":[{"href":"https:\/\/variosling.de\/en\/wp-json\/wp\/v2\/pages"}],"about":[{"href":"https:\/\/variosling.de\/en\/wp-json\/wp\/v2\/types\/page"}],"author":[{"embeddable":true,"href":"https:\/\/variosling.de\/en\/wp-json\/wp\/v2\/users\/31"}],"replies":[{"embeddable":true,"href":"https:\/\/variosling.de\/en\/wp-json\/wp\/v2\/comments?post=10292"}],"version-history":[{"count":0,"href":"https:\/\/variosling.de\/en\/wp-json\/wp\/v2\/pages\/10292\/revisions"}],"wp:attachment":[{"href":"https:\/\/variosling.de\/en\/wp-json\/wp\/v2\/media?parent=10292"}],"curies":[{"name":"wp","href":"https:\/\/api.w.org\/{rel}","templated":true}]}}